{"id":7760,"date":"2022-03-29T13:24:57","date_gmt":"2022-03-29T13:24:57","guid":{"rendered":"https:\/\/digitalgateamg.com\/?page_id=7760"},"modified":"2022-10-27T08:50:39","modified_gmt":"2022-10-27T08:50:39","slug":"marketing-internship","status":"publish","type":"page","link":"https:\/\/digitalgateamg.com\/de\/careers\/marketing-internship\/","title":{"rendered":"Marketing-Praktikum"},"content":{"rendered":"<div data-elementor-type=\"wp-page\" data-elementor-id=\"7760\" class=\"elementor elementor-7760\" data-elementor-post-type=\"page\">\n\t\t\t\t\t\t<section class=\"elementor-section elementor-top-section elementor-element elementor-element-342b558 elementor-section-boxed elementor-section-height-default elementor-section-height-default\" data-id=\"342b558\" data-element_type=\"section\" data-settings=\"{&quot;background_background&quot;:&quot;classic&quot;}\">\n\t\t\t\t\t\t<div class=\"elementor-container elementor-column-gap-default\">\n\t\t\t\t\t<div class=\"elementor-column elementor-col-100 elementor-top-column elementor-element elementor-element-8634d5e\" data-id=\"8634d5e\" data-element_type=\"column\">\n\t\t\t<div class=\"elementor-widget-wrap elementor-element-populated\">\n\t\t\t\t\t\t<div class=\"elementor-element elementor-element-dfcdd95 elementor-widget elementor-widget-spacer\" data-id=\"dfcdd95\" data-element_type=\"widget\" data-widget_type=\"spacer.default\">\n\t\t\t\t<div class=\"elementor-widget-container\">\n\t\t\t\t\t\t\t<div class=\"elementor-spacer\">\n\t\t\t<div class=\"elementor-spacer-inner\"><\/div>\n\t\t<\/div>\n\t\t\t\t\t\t<\/div>\n\t\t\t\t<\/div>\n\t\t\t\t<div class=\"elementor-element elementor-element-b4bc6f8 animated-slow elementor-widget elementor-widget-heading\" data-id=\"b4bc6f8\" data-element_type=\"widget\" data-settings=\"{&quot;_animation&quot;:&quot;none&quot;}\" data-widget_type=\"heading.default\">\n\t\t\t\t<div class=\"elementor-widget-container\">\n\t\t\t\t\t<h1 class=\"elementor-heading-title elementor-size-default\"><b>Marketing-Praktikum<\/h1>\t\t\t\t<\/div>\n\t\t\t\t<\/div>\n\t\t\t\t<div class=\"elementor-element elementor-element-11bffee elementor-widget elementor-widget-text-editor\" data-id=\"11bffee\" data-element_type=\"widget\" data-widget_type=\"text-editor.default\">\n\t\t\t\t<div class=\"elementor-widget-container\">\n\t\t\t\t\t\t\t\t\t<p>DigitalGate bietet Ihnen die einmalige Gelegenheit, in einem schnell wachsenden internationalen Unternehmen zu arbeiten, das auf Software- und Hardwarel\u00f6sungen f\u00fcr eingebettete Systeme spezialisiert ist und Kunden in ganz Europa hat.<\/p>\t\t\t\t\t\t\t\t<\/div>\n\t\t\t\t<\/div>\n\t\t\t\t<div class=\"elementor-element elementor-element-aff7ee9 elementor-widget elementor-widget-image\" data-id=\"aff7ee9\" data-element_type=\"widget\" data-widget_type=\"image.default\">\n\t\t\t\t<div class=\"elementor-widget-container\">\n\t\t\t\t\t\t\t\t\t\t\t\t\t\t\t<img fetchpriority=\"high\" decoding=\"async\" width=\"850\" height=\"457\" src=\"https:\/\/digitalgateamg.com\/wp-content\/uploads\/2022\/03\/digital-marketing.jpg\" class=\"attachment-full size-full wp-image-7780\" alt=\"\" \/>\t\t\t\t\t\t\t\t\t\t\t\t\t\t\t<\/div>\n\t\t\t\t<\/div>\n\t\t\t\t<div class=\"elementor-element elementor-element-6d1eea2 elementor-widget elementor-widget-heading\" data-id=\"6d1eea2\" data-element_type=\"widget\" data-widget_type=\"heading.default\">\n\t\t\t\t<div class=\"elementor-widget-container\">\n\t\t\t\t\t<h2 class=\"elementor-heading-title elementor-size-default\">Ihre Aufgaben:<\/h2>\t\t\t\t<\/div>\n\t\t\t\t<\/div>\n\t\t\t\t<div class=\"elementor-element elementor-element-a2771c1 elementor-widget elementor-widget-text-editor\" data-id=\"a2771c1\" data-element_type=\"widget\" data-widget_type=\"text-editor.default\">\n\t\t\t\t<div class=\"elementor-widget-container\">\n\t\t\t\t\t\t\t\t\t<ul>\n<li>Planung und Durchf\u00fchrung von Marketingaktivit\u00e4ten zur Darstellung und Aufrechterhaltung eines positiven Images von DigitalGate AMG<\/li>\n<li>Durchf\u00fchrung relevanter Recherchen und Datenanalysen sowie Erstellung von Kommunikations- und Marketingberichten<\/li>\n<li>Unterst\u00fctzung bei der Ausarbeitung von Vorschl\u00e4gen, Begleitdokumenten und Pr\u00e4sentationen<\/li>\n<li>CRM-Kampagnen<\/li>\n<li>Digitale Vermarktung<\/li>\n<li>Schreiben von Inhalten<\/li>\n<li>SEO-Kampagnen<\/li>\n<li>SEO-Optimierung<\/li>\n<\/ul>\t\t\t\t\t\t\t\t<\/div>\n\t\t\t\t<\/div>\n\t\t\t\t<div class=\"elementor-element elementor-element-b6af09b elementor-widget elementor-widget-heading\" data-id=\"b6af09b\" data-element_type=\"widget\" data-widget_type=\"heading.default\">\n\t\t\t\t<div class=\"elementor-widget-container\">\n\t\t\t\t\t<h2 class=\"elementor-heading-title elementor-size-default\">Ihr Profil:<\/h2>\t\t\t\t<\/div>\n\t\t\t\t<\/div>\n\t\t\t\t<div class=\"elementor-element elementor-element-3b8c071 elementor-widget elementor-widget-text-editor\" data-id=\"3b8c071\" data-element_type=\"widget\" data-widget_type=\"text-editor.default\">\n\t\t\t\t<div class=\"elementor-widget-container\">\n\t\t\t\t\t\t\t\t\t<ul>\n<li>Idealerweise studieren Sie einen der folgenden Bereiche: Marketing, Werbung, \u00d6ffentlichkeitsarbeit oder etwas \u00c4hnliches<\/li>\n<li>Fortgeschrittene Englischkenntnisse in Wort und Schrift (C-Niveau); Deutschkenntnisse sind von Vorteil<\/li>\n<li>F\u00e4higkeit haben, mehrere Projektaufgaben gleichzeitig in einer Matrixorganisation zu bew\u00e4ltigen<\/li>\n<li>F\u00e4higkeit, eine positive Einstellung als Teamplayer zu bewahren, unter Druck ruhig und professionell zu bleiben, mit verschiedenen Personen zusammenzuarbeiten und unabh\u00e4ngig zu sein, Konflikte konstruktiv zu l\u00f6sen, praktische Mentalit\u00e4t, Menschenkenntnis.<\/li>\n<\/ul>\t\t\t\t\t\t\t\t<\/div>\n\t\t\t\t<\/div>\n\t\t\t\t<div class=\"elementor-element elementor-element-26fe06c elementor-widget elementor-widget-heading\" data-id=\"26fe06c\" data-element_type=\"widget\" data-widget_type=\"heading.default\">\n\t\t\t\t<div class=\"elementor-widget-container\">\n\t\t\t\t\t<h2 class=\"elementor-heading-title elementor-size-default\">Unser Angebot:<\/h2>\t\t\t\t<\/div>\n\t\t\t\t<\/div>\n\t\t\t\t<div class=\"elementor-element elementor-element-f039dca elementor-widget elementor-widget-text-editor\" data-id=\"f039dca\" data-element_type=\"widget\" data-widget_type=\"text-editor.default\">\n\t\t\t\t<div class=\"elementor-widget-container\">\n\t\t\t\t\t\t\t\t\t<ul>\n<li>Flexible Arbeitszeiten<\/li>\n<li>Attraktive Arbeitsbedingungen<\/li>\n<li>Zugang zu einem globalen Wissensnetz und verschiedenen Lernressourcen<\/li>\n<\/ul>\t\t\t\t\t\t\t\t<\/div>\n\t\t\t\t<\/div>\n\t\t\t\t<div class=\"elementor-element elementor-element-0ea39d6 elementor-widget elementor-widget-spacer\" data-id=\"0ea39d6\" data-element_type=\"widget\" data-widget_type=\"spacer.default\">\n\t\t\t\t<div class=\"elementor-widget-container\">\n\t\t\t\t\t\t\t<div class=\"elementor-spacer\">\n\t\t\t<div class=\"elementor-spacer-inner\"><\/div>\n\t\t<\/div>\n\t\t\t\t\t\t<\/div>\n\t\t\t\t<\/div>\n\t\t\t\t<div class=\"elementor-element elementor-element-82cbb14 elementor-widget elementor-widget-text-editor\" data-id=\"82cbb14\" data-element_type=\"widget\" data-widget_type=\"text-editor.default\">\n\t\t\t\t<div class=\"elementor-widget-container\">\n\t\t\t\t\t\t\t\t\t<p>Senden Sie uns Ihren Lebenslauf an:<\/p>\t\t\t\t\t\t\t\t<\/div>\n\t\t\t\t<\/div>\n\t\t\t\t<section class=\"elementor-section elementor-inner-section elementor-element elementor-element-06799ae elementor-section-boxed elementor-section-height-default elementor-section-height-default\" data-id=\"06799ae\" data-element_type=\"section\">\n\t\t\t\t\t\t<div class=\"elementor-container elementor-column-gap-default\">\n\t\t\t\t\t<div class=\"elementor-column elementor-col-50 elementor-inner-column elementor-element elementor-element-c95c0c7\" data-id=\"c95c0c7\" data-element_type=\"column\">\n\t\t\t<div class=\"elementor-widget-wrap elementor-element-populated\">\n\t\t\t\t\t\t<div class=\"elementor-element elementor-element-cb0d420 elementor-view-default elementor-widget elementor-widget-icon\" data-id=\"cb0d420\" data-element_type=\"widget\" data-widget_type=\"icon.default\">\n\t\t\t\t<div class=\"elementor-widget-container\">\n\t\t\t\t\t\t\t<div class=\"elementor-icon-wrapper\">\n\t\t\t<div class=\"elementor-icon\">\n\t\t\t<i aria-hidden=\"true\" class=\"icon icon-email1\"><\/i>\t\t\t<\/div>\n\t\t<\/div>\n\t\t\t\t\t\t<\/div>\n\t\t\t\t<\/div>\n\t\t\t\t\t<\/div>\n\t\t<\/div>\n\t\t\t\t<div class=\"elementor-column elementor-col-50 elementor-inner-column elementor-element elementor-element-1fb5fc3\" data-id=\"1fb5fc3\" data-element_type=\"column\">\n\t\t\t<div class=\"elementor-widget-wrap elementor-element-populated\">\n\t\t\t\t\t\t<div class=\"elementor-element elementor-element-161b318 elementor-widget elementor-widget-text-editor\" data-id=\"161b318\" data-element_type=\"widget\" data-widget_type=\"text-editor.default\">\n\t\t\t\t<div class=\"elementor-widget-container\">\n\t\t\t\t\t\t\t\t\t<p><a href=\"mailto:info@digitalgateamg.com\">info@digitalgateamg.com<\/a><\/p>\t\t\t\t\t\t\t\t<\/div>\n\t\t\t\t<\/div>\n\t\t\t\t\t<\/div>\n\t\t<\/div>\n\t\t\t\t\t<\/div>\n\t\t<\/section>\n\t\t\t\t\t<\/div>\n\t\t<\/div>\n\t\t\t\t\t<\/div>\n\t\t<\/section>\n\t\t\t\t<section class=\"elementor-section elementor-top-section elementor-element elementor-element-3b2114a elementor-section-boxed elementor-section-height-default elementor-section-height-default\" data-id=\"3b2114a\" data-element_type=\"section\" data-settings=\"{&quot;background_background&quot;:&quot;gradient&quot;,&quot;shape_divider_top&quot;:&quot;waves&quot;}\">\n\t\t\t\t\t\t\t<div class=\"elementor-background-overlay\"><\/div>\n\t\t\t\t\t\t<div class=\"elementor-shape elementor-shape-top\" aria-hidden=\"true\" data-negative=\"false\">\n\t\t\t<svg xmlns=\"http:\/\/www.w3.org\/2000\/svg\" viewbox=\"0 0 1000 100\" preserveaspectratio=\"none\">\n\t<path class=\"elementor-shape-fill\" d=\"M421.9,6.5c22.6-2.5,51.5,0.4,75.5,5.3c23.6,4.9,70.9,23.5,100.5,35.7c75.8,32.2,133.7,44.5,192.6,49.7\tc23.6,2.1,48.7,3.5,103.4-2.5c54.7-6,106.2-25.6,106.2-25.6V0H0v30.3c0,0,72,32.6,158.4,30.5c39.2-0.7,92.8-6.7,134-22.4\tc21.2-8.1,52.2-18.2,79.7-24.2C399.3,7.9,411.6,7.5,421.9,6.5z\"\/>\n<\/svg>\t\t<\/div>\n\t\t\t\t\t<div class=\"elementor-container elementor-column-gap-default\">\n\t\t\t\t\t<div class=\"elementor-column elementor-col-100 elementor-top-column elementor-element elementor-element-0645ef6\" data-id=\"0645ef6\" data-element_type=\"column\">\n\t\t\t<div class=\"elementor-widget-wrap elementor-element-populated\">\n\t\t\t\t\t\t<div class=\"elementor-element elementor-element-8b3f656 elementor-widget elementor-widget-heading\" data-id=\"8b3f656\" data-element_type=\"widget\" data-widget_type=\"heading.default\">\n\t\t\t\t<div class=\"elementor-widget-container\">\n\t\t\t\t\t<h4 class=\"elementor-heading-title elementor-size-default\">Wir w\u00fcrden uns freuen, von Ihnen zu h\u00f6ren<\/h4>\t\t\t\t<\/div>\n\t\t\t\t<\/div>\n\t\t\t\t<div class=\"elementor-element elementor-element-27b4802 elementor-widget elementor-widget-heading\" data-id=\"27b4802\" data-element_type=\"widget\" data-widget_type=\"heading.default\">\n\t\t\t\t<div class=\"elementor-widget-container\">\n\t\t\t\t\t<h2 class=\"elementor-heading-title elementor-size-default\">Wenn Sie Fragen zu Software, Hardware oder eingebetteten Systemen im Allgemeinen haben, ist unser Team immer f\u00fcr Sie da\n<\/h2>\t\t\t\t<\/div>\n\t\t\t\t<\/div>\n\t\t\t\t<div class=\"elementor-element elementor-element-d2f5d69 elementor-mobile-align-center elementor-align-center elementor-widget elementor-widget-button\" data-id=\"d2f5d69\" data-element_type=\"widget\" data-widget_type=\"button.default\">\n\t\t\t\t<div class=\"elementor-widget-container\">\n\t\t\t\t\t\t\t\t\t<div class=\"elementor-button-wrapper\">\n\t\t\t\t\t<a class=\"elementor-button elementor-button-link elementor-size-md\" href=\"\/de\/contact\/\">\n\t\t\t\t\t\t<span class=\"elementor-button-content-wrapper\">\n\t\t\t\t\t\t<span class=\"elementor-button-icon\">\n\t\t\t\t<i aria-hidden=\"true\" class=\"fas fa-arrow-right\"><\/i>\t\t\t<\/span>\n\t\t\t\t\t\t\t\t\t<span class=\"elementor-button-text\">Kontaktieren Sie uns<\/span>\n\t\t\t\t\t<\/span>\n\t\t\t\t\t<\/a>\n\t\t\t\t<\/div>\n\t\t\t\t\t\t\t\t<\/div>\n\t\t\t\t<\/div>\n\t\t\t\t\t<\/div>\n\t\t<\/div>\n\t\t\t\t\t<\/div>\n\t\t<\/section>\n\t\t\t\t<\/div>","protected":false},"excerpt":{"rendered":"<p>Marketing Internship DigitalGate presents a unique opportunity to work in a fast-growing international company, specializing in embedded systems software and hardware solutions, with clients all across Europe. Your Tasks: Plan and manage marketing activities to present and maintain a positive image within DigitalGate AMG Conduct relevant research, and data analysis, and create communication and marketing&hellip;&nbsp;<a href=\"https:\/\/digitalgateamg.com\/de\/careers\/marketing-internship\/\" class=\"\" rel=\"bookmark\">Weiterlesen &raquo;<span class=\"screen-reader-text\">Marketing-Praktikum<\/span><\/a><\/p>","protected":false},"author":12,"featured_media":0,"parent":2201,"menu_order":0,"comment_status":"closed","ping_status":"closed","template":"page-templates\/template-pagebuilder-full-width.php","meta":{"_acf_changed":false,"neve_meta_sidebar":"","neve_meta_container":"","neve_meta_enable_content_width":"","neve_meta_content_width":0,"neve_meta_title_alignment":"","neve_meta_author_avatar":"","neve_post_elements_order":"","neve_meta_disable_header":"","neve_meta_disable_footer":"","neve_meta_disable_title":"","footnotes":""},"coauthors":[],"class_list":["post-7760","page","type-page","status-publish","hentry"],"acf":[],"yoast_head":"<!-- This site is optimized with the Yoast SEO Premium plugin v21.1 (Yoast SEO v26.0) - https:\/\/yoast.com\/wordpress\/plugins\/seo\/ -->\n<title>Marketing Internship - DigitalGate Custom Electronics<\/title>\n<meta name=\"description\" content=\"DigitalGate presents an unique opportunity to work in a fast growing international company, specialized in embedded systems software and hardware solutions, with clients all across Europe.\" \/>\n<meta name=\"robots\" content=\"noindex, nofollow\" \/>\n<meta property=\"og:locale\" content=\"de_DE\" \/>\n<meta property=\"og:type\" content=\"article\" \/>\n<meta property=\"og:title\" content=\"Marketing Internship\" \/>\n<meta property=\"og:description\" content=\"DigitalGate presents an unique opportunity to work in a fast growing international company, specialized in embedded systems software and hardware solutions, with clients all across Europe.\" \/>\n<meta property=\"og:url\" content=\"https:\/\/digitalgateamg.com\/de\/careers\/marketing-internship\/\" \/>\n<meta property=\"og:site_name\" content=\"DigitalGate Custom Electronics\" \/>\n<meta property=\"article:publisher\" content=\"https:\/\/www.facebook.com\/DigitalGateamg\/\" \/>\n<meta property=\"article:modified_time\" content=\"2022-10-27T08:50:39+00:00\" \/>\n<meta property=\"og:image\" content=\"https:\/\/digitalgateamg.com\/wp-content\/uploads\/2022\/03\/digital-marketing.jpg\" \/>\n<meta name=\"twitter:card\" content=\"summary_large_image\" \/>\n<meta name=\"twitter:label1\" content=\"Gesch\u00e4tzte Lesezeit\" \/>\n\t<meta name=\"twitter:data1\" content=\"2\u00a0Minuten\" \/>\n\t<meta name=\"twitter:label2\" content=\"Written by\" \/>\n\t<meta name=\"twitter:data2\" content=\"Digital Gate\" \/>\n<script type=\"application\/ld+json\" class=\"yoast-schema-graph\">{\"@context\":\"https:\/\/schema.org\",\"@graph\":[{\"@type\":\"WebPage\",\"@id\":\"https:\/\/digitalgateamg.com\/careers\/marketing-internship\/\",\"url\":\"https:\/\/digitalgateamg.com\/careers\/marketing-internship\/\",\"name\":\"Marketing Internship - DigitalGate Custom Electronics\",\"isPartOf\":{\"@id\":\"https:\/\/digitalgateamg.com\/#website\"},\"primaryImageOfPage\":{\"@id\":\"https:\/\/digitalgateamg.com\/careers\/marketing-internship\/#primaryimage\"},\"image\":{\"@id\":\"https:\/\/digitalgateamg.com\/careers\/marketing-internship\/#primaryimage\"},\"thumbnailUrl\":\"https:\/\/digitalgateamg.com\/wp-content\/uploads\/2022\/03\/digital-marketing.jpg\",\"datePublished\":\"2022-03-29T13:24:57+00:00\",\"dateModified\":\"2022-10-27T08:50:39+00:00\",\"description\":\"DigitalGate presents an unique opportunity to work in a fast growing international company, specialized in embedded systems software and hardware solutions, with clients all across Europe.\",\"breadcrumb\":{\"@id\":\"https:\/\/digitalgateamg.com\/careers\/marketing-internship\/#breadcrumb\"},\"inLanguage\":\"de\",\"potentialAction\":[{\"@type\":\"ReadAction\",\"target\":[\"https:\/\/digitalgateamg.com\/careers\/marketing-internship\/\"]}]},{\"@type\":\"ImageObject\",\"inLanguage\":\"de\",\"@id\":\"https:\/\/digitalgateamg.com\/careers\/marketing-internship\/#primaryimage\",\"url\":\"https:\/\/digitalgateamg.com\/wp-content\/uploads\/2022\/03\/digital-marketing.jpg\",\"contentUrl\":\"https:\/\/digitalgateamg.com\/wp-content\/uploads\/2022\/03\/digital-marketing.jpg\"},{\"@type\":\"BreadcrumbList\",\"@id\":\"https:\/\/digitalgateamg.com\/careers\/marketing-internship\/#breadcrumb\",\"itemListElement\":[{\"@type\":\"ListItem\",\"position\":1,\"name\":\"Home\",\"item\":\"https:\/\/digitalgateamg.com\/\"},{\"@type\":\"ListItem\",\"position\":2,\"name\":\"Careers\",\"item\":\"https:\/\/digitalgateamg.com\/careers\/\"},{\"@type\":\"ListItem\",\"position\":3,\"name\":\"Marketing Internship\"}]},{\"@type\":\"WebSite\",\"@id\":\"https:\/\/digitalgateamg.com\/#website\",\"url\":\"https:\/\/digitalgateamg.com\/\",\"name\":\"DigitalGate Custom Electronics\",\"description\":\"Embedded Software and Hardware Solutions\",\"publisher\":{\"@id\":\"https:\/\/digitalgateamg.com\/#organization\"},\"potentialAction\":[{\"@type\":\"SearchAction\",\"target\":{\"@type\":\"EntryPoint\",\"urlTemplate\":\"https:\/\/digitalgateamg.com\/?s={search_term_string}\"},\"query-input\":{\"@type\":\"PropertyValueSpecification\",\"valueRequired\":true,\"valueName\":\"search_term_string\"}}],\"inLanguage\":\"de\"},{\"@type\":\"Organization\",\"@id\":\"https:\/\/digitalgateamg.com\/#organization\",\"name\":\"DigitalGate Amg S.A.\",\"url\":\"https:\/\/digitalgateamg.com\/\",\"logo\":{\"@type\":\"ImageObject\",\"inLanguage\":\"de\",\"@id\":\"https:\/\/digitalgateamg.com\/#\/schema\/logo\/image\/\",\"url\":\"https:\/\/digitalgateamg.com\/wp-content\/uploads\/2021\/10\/logo-firma.png\",\"contentUrl\":\"https:\/\/digitalgateamg.com\/wp-content\/uploads\/2021\/10\/logo-firma.png\",\"width\":370,\"height\":370,\"caption\":\"DigitalGate Amg S.A.\"},\"image\":{\"@id\":\"https:\/\/digitalgateamg.com\/#\/schema\/logo\/image\/\"},\"sameAs\":[\"https:\/\/www.facebook.com\/DigitalGateamg\/\",\"https:\/\/www.linkedin.com\/company\/sc-digitalgate-amg-srl\/\"]}]}<\/script>\n<!-- \/ Yoast SEO Premium plugin. -->","yoast_head_json":{"title":"Marketing Internship - DigitalGate Custom Electronics","description":"DigitalGate presents an unique opportunity to work in a fast growing international company, specialized in embedded systems software and hardware solutions, with clients all across Europe.","robots":{"index":"noindex","follow":"nofollow"},"og_locale":"de_DE","og_type":"article","og_title":"Marketing Internship","og_description":"DigitalGate presents an unique opportunity to work in a fast growing international company, specialized in embedded systems software and hardware solutions, with clients all across Europe.","og_url":"https:\/\/digitalgateamg.com\/de\/careers\/marketing-internship\/","og_site_name":"DigitalGate Custom Electronics","article_publisher":"https:\/\/www.facebook.com\/DigitalGateamg\/","article_modified_time":"2022-10-27T08:50:39+00:00","og_image":[{"url":"https:\/\/digitalgateamg.com\/wp-content\/uploads\/2022\/03\/digital-marketing.jpg","type":"","width":"","height":""}],"twitter_card":"summary_large_image","twitter_misc":{"Gesch\u00e4tzte Lesezeit":"2\u00a0Minuten","Written by":"Digital Gate"},"schema":{"@context":"https:\/\/schema.org","@graph":[{"@type":"WebPage","@id":"https:\/\/digitalgateamg.com\/careers\/marketing-internship\/","url":"https:\/\/digitalgateamg.com\/careers\/marketing-internship\/","name":"Marketing Internship - DigitalGate Custom Electronics","isPartOf":{"@id":"https:\/\/digitalgateamg.com\/#website"},"primaryImageOfPage":{"@id":"https:\/\/digitalgateamg.com\/careers\/marketing-internship\/#primaryimage"},"image":{"@id":"https:\/\/digitalgateamg.com\/careers\/marketing-internship\/#primaryimage"},"thumbnailUrl":"https:\/\/digitalgateamg.com\/wp-content\/uploads\/2022\/03\/digital-marketing.jpg","datePublished":"2022-03-29T13:24:57+00:00","dateModified":"2022-10-27T08:50:39+00:00","description":"DigitalGate presents an unique opportunity to work in a fast growing international company, specialized in embedded systems software and hardware solutions, with clients all across Europe.","breadcrumb":{"@id":"https:\/\/digitalgateamg.com\/careers\/marketing-internship\/#breadcrumb"},"inLanguage":"de","potentialAction":[{"@type":"ReadAction","target":["https:\/\/digitalgateamg.com\/careers\/marketing-internship\/"]}]},{"@type":"ImageObject","inLanguage":"de","@id":"https:\/\/digitalgateamg.com\/careers\/marketing-internship\/#primaryimage","url":"https:\/\/digitalgateamg.com\/wp-content\/uploads\/2022\/03\/digital-marketing.jpg","contentUrl":"https:\/\/digitalgateamg.com\/wp-content\/uploads\/2022\/03\/digital-marketing.jpg"},{"@type":"BreadcrumbList","@id":"https:\/\/digitalgateamg.com\/careers\/marketing-internship\/#breadcrumb","itemListElement":[{"@type":"ListItem","position":1,"name":"Home","item":"https:\/\/digitalgateamg.com\/"},{"@type":"ListItem","position":2,"name":"Careers","item":"https:\/\/digitalgateamg.com\/careers\/"},{"@type":"ListItem","position":3,"name":"Marketing Internship"}]},{"@type":"WebSite","@id":"https:\/\/digitalgateamg.com\/#website","url":"https:\/\/digitalgateamg.com\/","name":"DigitalGate Custom Electronics","description":"Embedded Software and Hardware Solutions","publisher":{"@id":"https:\/\/digitalgateamg.com\/#organization"},"potentialAction":[{"@type":"SearchAction","target":{"@type":"EntryPoint","urlTemplate":"https:\/\/digitalgateamg.com\/?s={search_term_string}"},"query-input":{"@type":"PropertyValueSpecification","valueRequired":true,"valueName":"search_term_string"}}],"inLanguage":"de"},{"@type":"Organization","@id":"https:\/\/digitalgateamg.com\/#organization","name":"DigitalGate Amg S.A.","url":"https:\/\/digitalgateamg.com\/","logo":{"@type":"ImageObject","inLanguage":"de","@id":"https:\/\/digitalgateamg.com\/#\/schema\/logo\/image\/","url":"https:\/\/digitalgateamg.com\/wp-content\/uploads\/2021\/10\/logo-firma.png","contentUrl":"https:\/\/digitalgateamg.com\/wp-content\/uploads\/2021\/10\/logo-firma.png","width":370,"height":370,"caption":"DigitalGate Amg S.A."},"image":{"@id":"https:\/\/digitalgateamg.com\/#\/schema\/logo\/image\/"},"sameAs":["https:\/\/www.facebook.com\/DigitalGateamg\/","https:\/\/www.linkedin.com\/company\/sc-digitalgate-amg-srl\/"]}]}},"jetpack_sharing_enabled":true,"_links":{"self":[{"href":"https:\/\/digitalgateamg.com\/de\/wp-json\/wp\/v2\/pages\/7760","targetHints":{"allow":["GET"]}}],"collection":[{"href":"https:\/\/digitalgateamg.com\/de\/wp-json\/wp\/v2\/pages"}],"about":[{"href":"https:\/\/digitalgateamg.com\/de\/wp-json\/wp\/v2\/types\/page"}],"author":[{"embeddable":true,"href":"https:\/\/digitalgateamg.com\/de\/wp-json\/wp\/v2\/users\/12"}],"replies":[{"embeddable":true,"href":"https:\/\/digitalgateamg.com\/de\/wp-json\/wp\/v2\/comments?post=7760"}],"version-history":[{"count":0,"href":"https:\/\/digitalgateamg.com\/de\/wp-json\/wp\/v2\/pages\/7760\/revisions"}],"up":[{"embeddable":true,"href":"https:\/\/digitalgateamg.com\/de\/wp-json\/wp\/v2\/pages\/2201"}],"wp:attachment":[{"href":"https:\/\/digitalgateamg.com\/de\/wp-json\/wp\/v2\/media?parent=7760"}],"wp:term":[{"taxonomy":"author","embeddable":true,"href":"https:\/\/digitalgateamg.com\/de\/wp-json\/wp\/v2\/coauthors?post=7760"}],"curies":[{"name":"wp","href":"https:\/\/api.w.org\/{rel}","templated":true}]}}