{"id":3442,"date":"2021-09-27T10:20:43","date_gmt":"2021-09-27T10:20:43","guid":{"rendered":"https:\/\/digitalgateamg.com\/?page_id=3442"},"modified":"2024-01-23T13:34:28","modified_gmt":"2024-01-23T13:34:28","slug":"disclaimer","status":"publish","type":"page","link":"https:\/\/digitalgateamg.com\/de\/disclaimer\/","title":{"rendered":"Haftungsausschluss"},"content":{"rendered":"<div data-elementor-type=\"wp-page\" data-elementor-id=\"3442\" class=\"elementor elementor-3442\" data-elementor-post-type=\"page\">\n\t\t\t\t\t\t<section class=\"elementor-section elementor-top-section elementor-element elementor-element-f767ae7 elementor-section-boxed elementor-section-height-default elementor-section-height-default\" data-id=\"f767ae7\" data-element_type=\"section\">\n\t\t\t\t\t\t<div class=\"elementor-container elementor-column-gap-default\">\n\t\t\t\t\t<div class=\"elementor-column elementor-col-100 elementor-top-column elementor-element elementor-element-14a6f3d\" data-id=\"14a6f3d\" data-element_type=\"column\">\n\t\t\t<div class=\"elementor-widget-wrap elementor-element-populated\">\n\t\t\t\t\t\t<div class=\"elementor-element elementor-element-9ec372f elementor-widget elementor-widget-spacer\" data-id=\"9ec372f\" data-element_type=\"widget\" data-widget_type=\"spacer.default\">\n\t\t\t\t<div class=\"elementor-widget-container\">\n\t\t\t\t\t\t\t<div class=\"elementor-spacer\">\n\t\t\t<div class=\"elementor-spacer-inner\"><\/div>\n\t\t<\/div>\n\t\t\t\t\t\t<\/div>\n\t\t\t\t<\/div>\n\t\t\t\t\t<\/div>\n\t\t<\/div>\n\t\t\t\t\t<\/div>\n\t\t<\/section>\n\t\t\t\t<section class=\"elementor-section elementor-top-section elementor-element elementor-element-62f621d elementor-section-boxed elementor-section-height-default elementor-section-height-default\" data-id=\"62f621d\" data-element_type=\"section\">\n\t\t\t\t\t\t<div class=\"elementor-container elementor-column-gap-default\">\n\t\t\t\t\t<div class=\"elementor-column elementor-col-100 elementor-top-column elementor-element elementor-element-fd7b980\" data-id=\"fd7b980\" data-element_type=\"column\">\n\t\t\t<div class=\"elementor-widget-wrap elementor-element-populated\">\n\t\t\t\t\t\t<div class=\"elementor-element elementor-element-2c125f6 elementor-widget elementor-widget-text-editor\" data-id=\"2c125f6\" data-element_type=\"widget\" data-widget_type=\"text-editor.default\">\n\t\t\t\t<div class=\"elementor-widget-container\">\n\t\t\t\t\t\t\t\t\t<p class=\"translation-block\">Die von <strong>DIGITALGATEAMG S.A<\/strong>. auf der Website https:\/\/digitalgateamg.com\/ zur Verf\u00fcgung gestellten Informationen dienen lediglich allgemeinen Informationszwecken. Alle Angaben auf der Website erfolgen nach bestem Wissen und Gewissen, jedoch \u00fcbernehmen wir trotz sorgf\u00e4ltiger inhaltlicher Kontrolle keine Haftung f\u00fcr die Inhalte externer Links. F\u00fcr den Inhalt der verlinkten Seiten sind ausschlie\u00dflich deren Betreiber verantwortlich.<\/p><p class=\"translation-block\">Der gesamte Inhalt dieser Website ist durch das Urheberrecht gesch\u00fctzt. Dies gilt f\u00fcr alle Texte, Bilder, Dateien und Gestaltungselemente wie Logos, Schaltfl\u00e4chensymbole usw. Keines der auf dieser Website ver\u00f6ffentlichten Materialien darf ohne die schriftliche Zustimmung von <strong>DIGITALGATEAMG S.A.<\/strong> in irgendeiner Form reproduziert oder kopiert werden.<\/p><p>Unter keinen Umst\u00e4nden haften wir Ihnen gegen\u00fcber f\u00fcr Verluste oder Sch\u00e4den jeglicher Art, die sich aus der Nutzung der Website oder dem Vertrauen auf die auf der Website bereitgestellten Informationen ergeben. Die Nutzung der Website erfolgt ausschlie\u00dflich auf eigenes Risiko.<\/p><p>Dieses Impressum gilt auch f\u00fcr Social Media Plattformen.<\/p>\t\t\t\t\t\t\t\t<\/div>\n\t\t\t\t<\/div>\n\t\t\t\t<div class=\"elementor-element elementor-element-65084ab elementor-shape-circle e-grid-align-left elementor-grid-0 elementor-widget elementor-widget-social-icons\" data-id=\"65084ab\" data-element_type=\"widget\" data-widget_type=\"social-icons.default\">\n\t\t\t\t<div class=\"elementor-widget-container\">\n\t\t\t\t\t\t\t<div class=\"elementor-social-icons-wrapper elementor-grid\" role=\"list\">\n\t\t\t\t\t\t\t<span class=\"elementor-grid-item\" role=\"listitem\">\n\t\t\t\t\t<a class=\"elementor-icon elementor-social-icon elementor-social-icon-facebook elementor-animation-push elementor-repeater-item-4ea4d3c\" href=\"https:\/\/www.facebook.com\/DigitalGateAMG\/\" target=\"_blank\">\n\t\t\t\t\t\t<span class=\"elementor-screen-only\">Facebook<\/span>\n\t\t\t\t\t\t<i class=\"fab fa-facebook\"><\/i>\t\t\t\t\t<\/a>\n\t\t\t\t<\/span>\n\t\t\t\t\t\t\t<span class=\"elementor-grid-item\" role=\"listitem\">\n\t\t\t\t\t<a class=\"elementor-icon elementor-social-icon elementor-social-icon-linkedin elementor-animation-push elementor-repeater-item-5f405e0\" href=\"https:\/\/www.linkedin.com\/company\/sc-digitalgate-amg-srl\/\" target=\"_blank\">\n\t\t\t\t\t\t<span class=\"elementor-screen-only\">Linkedin<\/span>\n\t\t\t\t\t\t<i class=\"fab fa-linkedin\"><\/i>\t\t\t\t\t<\/a>\n\t\t\t\t<\/span>\n\t\t\t\t\t\t\t<span class=\"elementor-grid-item\" role=\"listitem\">\n\t\t\t\t\t<a class=\"elementor-icon elementor-social-icon elementor-social-icon-xing elementor-animation-push elementor-repeater-item-96532b5\" href=\"http:\/\/www.xing.com\/pages\/digitalgateamg\" target=\"_blank\">\n\t\t\t\t\t\t<span class=\"elementor-screen-only\">Xing<\/span>\n\t\t\t\t\t\t<i class=\"fab fa-xing\"><\/i>\t\t\t\t\t<\/a>\n\t\t\t\t<\/span>\n\t\t\t\t\t<\/div>\n\t\t\t\t\t\t<\/div>\n\t\t\t\t<\/div>\n\t\t\t\t\t<\/div>\n\t\t<\/div>\n\t\t\t\t\t<\/div>\n\t\t<\/section>\n\t\t\t\t<section class=\"elementor-section elementor-top-section elementor-element elementor-element-bb1f1c4 elementor-section-boxed elementor-section-height-default elementor-section-height-default\" data-id=\"bb1f1c4\" data-element_type=\"section\" data-settings=\"{&quot;background_background&quot;:&quot;gradient&quot;,&quot;shape_divider_top&quot;:&quot;waves&quot;}\">\n\t\t\t\t\t\t\t<div class=\"elementor-background-overlay\"><\/div>\n\t\t\t\t\t\t<div class=\"elementor-shape elementor-shape-top\" aria-hidden=\"true\" data-negative=\"false\">\n\t\t\t<svg xmlns=\"http:\/\/www.w3.org\/2000\/svg\" viewbox=\"0 0 1000 100\" preserveaspectratio=\"none\">\n\t<path class=\"elementor-shape-fill\" d=\"M421.9,6.5c22.6-2.5,51.5,0.4,75.5,5.3c23.6,4.9,70.9,23.5,100.5,35.7c75.8,32.2,133.7,44.5,192.6,49.7\tc23.6,2.1,48.7,3.5,103.4-2.5c54.7-6,106.2-25.6,106.2-25.6V0H0v30.3c0,0,72,32.6,158.4,30.5c39.2-0.7,92.8-6.7,134-22.4\tc21.2-8.1,52.2-18.2,79.7-24.2C399.3,7.9,411.6,7.5,421.9,6.5z\"\/>\n<\/svg>\t\t<\/div>\n\t\t\t\t\t<div class=\"elementor-container elementor-column-gap-default\">\n\t\t\t\t\t<div class=\"elementor-column elementor-col-100 elementor-top-column elementor-element elementor-element-8289371\" data-id=\"8289371\" data-element_type=\"column\">\n\t\t\t<div class=\"elementor-widget-wrap elementor-element-populated\">\n\t\t\t\t\t\t<div class=\"elementor-element elementor-element-bd615f0 elementor-widget elementor-widget-heading\" data-id=\"bd615f0\" data-element_type=\"widget\" data-widget_type=\"heading.default\">\n\t\t\t\t<div class=\"elementor-widget-container\">\n\t\t\t\t\t<h4 class=\"elementor-heading-title elementor-size-default\">Wir w\u00fcrden uns freuen, von Ihnen zu h\u00f6ren<\/h4>\t\t\t\t<\/div>\n\t\t\t\t<\/div>\n\t\t\t\t<div class=\"elementor-element elementor-element-5b6624c elementor-widget elementor-widget-heading\" data-id=\"5b6624c\" data-element_type=\"widget\" data-widget_type=\"heading.default\">\n\t\t\t\t<div class=\"elementor-widget-container\">\n\t\t\t\t\t<h2 class=\"elementor-heading-title elementor-size-default\">Wenn Sie Fragen zu Software, Hardware oder eingebetteten Systemen im Allgemeinen haben, ist unser Team immer f\u00fcr Sie da\n<\/h2>\t\t\t\t<\/div>\n\t\t\t\t<\/div>\n\t\t\t\t<div class=\"elementor-element elementor-element-a90dc29 elementor-mobile-align-center elementor-align-center elementor-widget elementor-widget-button\" data-id=\"a90dc29\" data-element_type=\"widget\" data-widget_type=\"button.default\">\n\t\t\t\t<div class=\"elementor-widget-container\">\n\t\t\t\t\t\t\t\t\t<div class=\"elementor-button-wrapper\">\n\t\t\t\t\t<a class=\"elementor-button elementor-button-link elementor-size-md\" href=\"\/de\/contact\/\">\n\t\t\t\t\t\t<span class=\"elementor-button-content-wrapper\">\n\t\t\t\t\t\t<span class=\"elementor-button-icon\">\n\t\t\t\t<i aria-hidden=\"true\" class=\"fas fa-arrow-right\"><\/i>\t\t\t<\/span>\n\t\t\t\t\t\t\t\t\t<span class=\"elementor-button-text\">Kontaktieren Sie uns<\/span>\n\t\t\t\t\t<\/span>\n\t\t\t\t\t<\/a>\n\t\t\t\t<\/div>\n\t\t\t\t\t\t\t\t<\/div>\n\t\t\t\t<\/div>\n\t\t\t\t\t<\/div>\n\t\t<\/div>\n\t\t\t\t\t<\/div>\n\t\t<\/section>\n\t\t\t\t<\/div>","protected":false},"excerpt":{"rendered":"<p>The information provided by DIGITALGATEAMG S.A. on the website https:\/\/digitalgateamg.com\/ is for general informational purposes only. All the information on the site is provided in good faith, however, despite careful control of the contents, we do not assume any liability for the contents of external links. The operators of the linked sites are solely responsible&hellip;&nbsp;<a href=\"https:\/\/digitalgateamg.com\/de\/disclaimer\/\" class=\"\" rel=\"bookmark\">Weiterlesen &raquo;<span class=\"screen-reader-text\">Haftungsausschluss<\/span><\/a><\/p>","protected":false},"author":12,"featured_media":0,"parent":0,"menu_order":0,"comment_status":"closed","ping_status":"closed","template":"page-templates\/template-pagebuilder-full-width.php","meta":{"_acf_changed":false,"neve_meta_sidebar":"full-width","neve_meta_container":"","neve_meta_enable_content_width":"on","neve_meta_content_width":100,"neve_meta_title_alignment":"","neve_meta_author_avatar":"","neve_post_elements_order":"","neve_meta_disable_header":"","neve_meta_disable_footer":"","neve_meta_disable_title":"","footnotes":""},"coauthors":[],"class_list":["post-3442","page","type-page","status-publish","hentry"],"acf":[],"yoast_head":"<!-- This site is optimized with the Yoast SEO Premium plugin v21.1 (Yoast SEO v26.0) - https:\/\/yoast.com\/wordpress\/plugins\/seo\/ -->\n<title>Disclaimer - DigitalGate Custom Electronics<\/title>\n<meta name=\"robots\" content=\"noindex, nofollow\" \/>\n<meta property=\"og:locale\" content=\"de_DE\" \/>\n<meta property=\"og:type\" content=\"article\" \/>\n<meta property=\"og:title\" content=\"Disclaimer\" \/>\n<meta property=\"og:description\" content=\"The information provided by DIGITALGATEAMG S.A. on the website https:\/\/digitalgateamg.com\/ is for general informational purposes only. All the information on the site is provided in good faith, however, despite careful control of the contents, we do not assume any liability for the contents of external links. The operators of the linked sites are solely responsible&hellip;&nbsp;Weiterlesen &raquo;Disclaimer\" \/>\n<meta property=\"og:url\" content=\"https:\/\/digitalgateamg.com\/de\/disclaimer\/\" \/>\n<meta property=\"og:site_name\" content=\"DigitalGate Custom Electronics\" \/>\n<meta property=\"article:publisher\" content=\"https:\/\/www.facebook.com\/DigitalGateamg\/\" \/>\n<meta property=\"article:modified_time\" content=\"2024-01-23T13:34:28+00:00\" \/>\n<meta name=\"twitter:card\" content=\"summary_large_image\" \/>\n<meta name=\"twitter:label1\" content=\"Gesch\u00e4tzte Lesezeit\" \/>\n\t<meta name=\"twitter:data1\" content=\"1\u00a0Minute\" \/>\n\t<meta name=\"twitter:label2\" content=\"Written by\" \/>\n\t<meta name=\"twitter:data2\" content=\"Digital Gate\" \/>\n<script type=\"application\/ld+json\" class=\"yoast-schema-graph\">{\"@context\":\"https:\/\/schema.org\",\"@graph\":[{\"@type\":\"WebPage\",\"@id\":\"https:\/\/digitalgateamg.com\/disclaimer\/\",\"url\":\"https:\/\/digitalgateamg.com\/disclaimer\/\",\"name\":\"Disclaimer - DigitalGate Custom Electronics\",\"isPartOf\":{\"@id\":\"https:\/\/digitalgateamg.com\/#website\"},\"datePublished\":\"2021-09-27T10:20:43+00:00\",\"dateModified\":\"2024-01-23T13:34:28+00:00\",\"breadcrumb\":{\"@id\":\"https:\/\/digitalgateamg.com\/disclaimer\/#breadcrumb\"},\"inLanguage\":\"de\",\"potentialAction\":[{\"@type\":\"ReadAction\",\"target\":[\"https:\/\/digitalgateamg.com\/disclaimer\/\"]}]},{\"@type\":\"BreadcrumbList\",\"@id\":\"https:\/\/digitalgateamg.com\/disclaimer\/#breadcrumb\",\"itemListElement\":[{\"@type\":\"ListItem\",\"position\":1,\"name\":\"Home\",\"item\":\"https:\/\/digitalgateamg.com\/\"},{\"@type\":\"ListItem\",\"position\":2,\"name\":\"Disclaimer\"}]},{\"@type\":\"WebSite\",\"@id\":\"https:\/\/digitalgateamg.com\/#website\",\"url\":\"https:\/\/digitalgateamg.com\/\",\"name\":\"DigitalGate Custom Electronics\",\"description\":\"Embedded Software and Hardware Solutions\",\"publisher\":{\"@id\":\"https:\/\/digitalgateamg.com\/#organization\"},\"potentialAction\":[{\"@type\":\"SearchAction\",\"target\":{\"@type\":\"EntryPoint\",\"urlTemplate\":\"https:\/\/digitalgateamg.com\/?s={search_term_string}\"},\"query-input\":{\"@type\":\"PropertyValueSpecification\",\"valueRequired\":true,\"valueName\":\"search_term_string\"}}],\"inLanguage\":\"de\"},{\"@type\":\"Organization\",\"@id\":\"https:\/\/digitalgateamg.com\/#organization\",\"name\":\"DigitalGate Amg S.A.\",\"url\":\"https:\/\/digitalgateamg.com\/\",\"logo\":{\"@type\":\"ImageObject\",\"inLanguage\":\"de\",\"@id\":\"https:\/\/digitalgateamg.com\/#\/schema\/logo\/image\/\",\"url\":\"https:\/\/digitalgateamg.com\/wp-content\/uploads\/2021\/10\/logo-firma.png\",\"contentUrl\":\"https:\/\/digitalgateamg.com\/wp-content\/uploads\/2021\/10\/logo-firma.png\",\"width\":370,\"height\":370,\"caption\":\"DigitalGate Amg S.A.\"},\"image\":{\"@id\":\"https:\/\/digitalgateamg.com\/#\/schema\/logo\/image\/\"},\"sameAs\":[\"https:\/\/www.facebook.com\/DigitalGateamg\/\",\"https:\/\/www.linkedin.com\/company\/sc-digitalgate-amg-srl\/\"]}]}<\/script>\n<!-- \/ Yoast SEO Premium plugin. -->","yoast_head_json":{"title":"Disclaimer - DigitalGate Custom Electronics","robots":{"index":"noindex","follow":"nofollow"},"og_locale":"de_DE","og_type":"article","og_title":"Disclaimer","og_description":"The information provided by DIGITALGATEAMG S.A. on the website https:\/\/digitalgateamg.com\/ is for general informational purposes only. All the information on the site is provided in good faith, however, despite careful control of the contents, we do not assume any liability for the contents of external links. The operators of the linked sites are solely responsible&hellip;&nbsp;Weiterlesen &raquo;Disclaimer","og_url":"https:\/\/digitalgateamg.com\/de\/disclaimer\/","og_site_name":"DigitalGate Custom Electronics","article_publisher":"https:\/\/www.facebook.com\/DigitalGateamg\/","article_modified_time":"2024-01-23T13:34:28+00:00","twitter_card":"summary_large_image","twitter_misc":{"Gesch\u00e4tzte Lesezeit":"1\u00a0Minute","Written by":"Digital Gate"},"schema":{"@context":"https:\/\/schema.org","@graph":[{"@type":"WebPage","@id":"https:\/\/digitalgateamg.com\/disclaimer\/","url":"https:\/\/digitalgateamg.com\/disclaimer\/","name":"Disclaimer - DigitalGate Custom Electronics","isPartOf":{"@id":"https:\/\/digitalgateamg.com\/#website"},"datePublished":"2021-09-27T10:20:43+00:00","dateModified":"2024-01-23T13:34:28+00:00","breadcrumb":{"@id":"https:\/\/digitalgateamg.com\/disclaimer\/#breadcrumb"},"inLanguage":"de","potentialAction":[{"@type":"ReadAction","target":["https:\/\/digitalgateamg.com\/disclaimer\/"]}]},{"@type":"BreadcrumbList","@id":"https:\/\/digitalgateamg.com\/disclaimer\/#breadcrumb","itemListElement":[{"@type":"ListItem","position":1,"name":"Home","item":"https:\/\/digitalgateamg.com\/"},{"@type":"ListItem","position":2,"name":"Disclaimer"}]},{"@type":"WebSite","@id":"https:\/\/digitalgateamg.com\/#website","url":"https:\/\/digitalgateamg.com\/","name":"DigitalGate Custom Electronics","description":"Embedded Software and Hardware Solutions","publisher":{"@id":"https:\/\/digitalgateamg.com\/#organization"},"potentialAction":[{"@type":"SearchAction","target":{"@type":"EntryPoint","urlTemplate":"https:\/\/digitalgateamg.com\/?s={search_term_string}"},"query-input":{"@type":"PropertyValueSpecification","valueRequired":true,"valueName":"search_term_string"}}],"inLanguage":"de"},{"@type":"Organization","@id":"https:\/\/digitalgateamg.com\/#organization","name":"DigitalGate Amg S.A.","url":"https:\/\/digitalgateamg.com\/","logo":{"@type":"ImageObject","inLanguage":"de","@id":"https:\/\/digitalgateamg.com\/#\/schema\/logo\/image\/","url":"https:\/\/digitalgateamg.com\/wp-content\/uploads\/2021\/10\/logo-firma.png","contentUrl":"https:\/\/digitalgateamg.com\/wp-content\/uploads\/2021\/10\/logo-firma.png","width":370,"height":370,"caption":"DigitalGate Amg S.A."},"image":{"@id":"https:\/\/digitalgateamg.com\/#\/schema\/logo\/image\/"},"sameAs":["https:\/\/www.facebook.com\/DigitalGateamg\/","https:\/\/www.linkedin.com\/company\/sc-digitalgate-amg-srl\/"]}]}},"jetpack_sharing_enabled":true,"_links":{"self":[{"href":"https:\/\/digitalgateamg.com\/de\/wp-json\/wp\/v2\/pages\/3442","targetHints":{"allow":["GET"]}}],"collection":[{"href":"https:\/\/digitalgateamg.com\/de\/wp-json\/wp\/v2\/pages"}],"about":[{"href":"https:\/\/digitalgateamg.com\/de\/wp-json\/wp\/v2\/types\/page"}],"author":[{"embeddable":true,"href":"https:\/\/digitalgateamg.com\/de\/wp-json\/wp\/v2\/users\/12"}],"replies":[{"embeddable":true,"href":"https:\/\/digitalgateamg.com\/de\/wp-json\/wp\/v2\/comments?post=3442"}],"version-history":[{"count":0,"href":"https:\/\/digitalgateamg.com\/de\/wp-json\/wp\/v2\/pages\/3442\/revisions"}],"wp:attachment":[{"href":"https:\/\/digitalgateamg.com\/de\/wp-json\/wp\/v2\/media?parent=3442"}],"wp:term":[{"taxonomy":"author","embeddable":true,"href":"https:\/\/digitalgateamg.com\/de\/wp-json\/wp\/v2\/coauthors?post=3442"}],"curies":[{"name":"wp","href":"https:\/\/api.w.org\/{rel}","templated":true}]}}