{"id":3434,"date":"2021-09-27T10:16:03","date_gmt":"2021-09-27T10:16:03","guid":{"rendered":"https:\/\/digitalgateamg.com\/?page_id=3434"},"modified":"2023-04-17T13:26:00","modified_gmt":"2023-04-17T13:26:00","slug":"impressum","status":"publish","type":"page","link":"https:\/\/digitalgateamg.com\/de\/impressum\/","title":{"rendered":"Impressum"},"content":{"rendered":"<div data-elementor-type=\"wp-page\" data-elementor-id=\"3434\" class=\"elementor elementor-3434\" data-elementor-post-type=\"page\">\n\t\t\t\t\t\t<section class=\"elementor-section elementor-top-section elementor-element elementor-element-818c5c5 elementor-section-boxed elementor-section-height-default elementor-section-height-default\" data-id=\"818c5c5\" data-element_type=\"section\">\n\t\t\t\t\t\t<div class=\"elementor-container elementor-column-gap-default\">\n\t\t\t\t\t<div class=\"elementor-column elementor-col-100 elementor-top-column elementor-element elementor-element-a3c8582\" data-id=\"a3c8582\" data-element_type=\"column\">\n\t\t\t<div class=\"elementor-widget-wrap elementor-element-populated\">\n\t\t\t\t\t\t<div class=\"elementor-element elementor-element-79aea0b elementor-widget elementor-widget-spacer\" data-id=\"79aea0b\" data-element_type=\"widget\" data-widget_type=\"spacer.default\">\n\t\t\t\t<div class=\"elementor-widget-container\">\n\t\t\t\t\t\t\t<div class=\"elementor-spacer\">\n\t\t\t<div class=\"elementor-spacer-inner\"><\/div>\n\t\t<\/div>\n\t\t\t\t\t\t<\/div>\n\t\t\t\t<\/div>\n\t\t\t\t\t<\/div>\n\t\t<\/div>\n\t\t\t\t\t<\/div>\n\t\t<\/section>\n\t\t\t\t<section class=\"elementor-section elementor-top-section elementor-element elementor-element-b2479eb elementor-section-boxed elementor-section-height-default elementor-section-height-default\" data-id=\"b2479eb\" data-element_type=\"section\">\n\t\t\t\t\t\t<div class=\"elementor-container elementor-column-gap-default\">\n\t\t\t\t\t<div class=\"elementor-column elementor-col-100 elementor-top-column elementor-element elementor-element-99bfb55\" data-id=\"99bfb55\" data-element_type=\"column\">\n\t\t\t<div class=\"elementor-widget-wrap elementor-element-populated\">\n\t\t\t\t\t\t<div class=\"elementor-element elementor-element-9aa72c8 elementor-widget elementor-widget-heading\" data-id=\"9aa72c8\" data-element_type=\"widget\" data-widget_type=\"heading.default\">\n\t\t\t\t<div class=\"elementor-widget-container\">\n\t\t\t\t\t<h2 class=\"elementor-heading-title elementor-size-default\">SC. DIGITALGATEAMG S.A.<\/h2>\t\t\t\t<\/div>\n\t\t\t\t<\/div>\n\t\t\t\t<div class=\"elementor-element elementor-element-37e5c83 elementor-widget elementor-widget-text-editor\" data-id=\"37e5c83\" data-element_type=\"widget\" data-widget_type=\"text-editor.default\">\n\t\t\t\t<div class=\"elementor-widget-container\">\n\t\t\t\t\t\t\t\t\t<ul><li><strong>Adresse: <\/strong>Str. Ardealului, Nr.2, RO \u2013 300645 Timisoara<\/li><\/ul><ul><li><strong>E-Mail:<\/strong> info@digitalgateamg.com<\/li><li><strong>Gesch\u00e4ftsf\u00fchrer:<\/strong> Mihai Gruieti<\/li><li><strong>Hauptsitz des Unternehmens:<\/strong> Timisoara, Rum\u00e4nien<\/li><li><strong>Handelsregisternummer:<\/strong> 39051689<\/li><li><strong>Umsatzsteuernummer:<\/strong> RO-39051689<\/li><\/ul><p>Alle erw\u00e4hnten Produktnamen sind entweder eingetragene oder nicht eingetragene Marken der jeweiligen Eigent\u00fcmer. Die st\u00e4ndige weltweite Verf\u00fcgbarkeit aller Produkte oder Dienstleistungen wird nicht garantiert. Fehler und Auslassungen vorbehalten.<\/p>\t\t\t\t\t\t\t\t<\/div>\n\t\t\t\t<\/div>\n\t\t\t\t\t<\/div>\n\t\t<\/div>\n\t\t\t\t\t<\/div>\n\t\t<\/section>\n\t\t\t\t<section class=\"elementor-section elementor-top-section elementor-element elementor-element-4af9301 elementor-section-boxed elementor-section-height-default elementor-section-height-default\" data-id=\"4af9301\" data-element_type=\"section\" data-settings=\"{&quot;background_background&quot;:&quot;gradient&quot;,&quot;shape_divider_top&quot;:&quot;waves&quot;}\">\n\t\t\t\t\t\t\t<div class=\"elementor-background-overlay\"><\/div>\n\t\t\t\t\t\t<div class=\"elementor-shape elementor-shape-top\" aria-hidden=\"true\" data-negative=\"false\">\n\t\t\t<svg xmlns=\"http:\/\/www.w3.org\/2000\/svg\" viewbox=\"0 0 1000 100\" preserveaspectratio=\"none\">\n\t<path class=\"elementor-shape-fill\" d=\"M421.9,6.5c22.6-2.5,51.5,0.4,75.5,5.3c23.6,4.9,70.9,23.5,100.5,35.7c75.8,32.2,133.7,44.5,192.6,49.7\tc23.6,2.1,48.7,3.5,103.4-2.5c54.7-6,106.2-25.6,106.2-25.6V0H0v30.3c0,0,72,32.6,158.4,30.5c39.2-0.7,92.8-6.7,134-22.4\tc21.2-8.1,52.2-18.2,79.7-24.2C399.3,7.9,411.6,7.5,421.9,6.5z\"\/>\n<\/svg>\t\t<\/div>\n\t\t\t\t\t<div class=\"elementor-container elementor-column-gap-default\">\n\t\t\t\t\t<div class=\"elementor-column elementor-col-100 elementor-top-column elementor-element elementor-element-0c586ee\" data-id=\"0c586ee\" data-element_type=\"column\">\n\t\t\t<div class=\"elementor-widget-wrap elementor-element-populated\">\n\t\t\t\t\t\t<div class=\"elementor-element elementor-element-d216b5c elementor-headline--style-highlight elementor-widget elementor-widget-animated-headline\" data-id=\"d216b5c\" data-element_type=\"widget\" data-settings=\"{&quot;marker&quot;:&quot;curly&quot;,&quot;highlighted_text&quot;:&quot;love&quot;,&quot;headline_style&quot;:&quot;highlight&quot;,&quot;loop&quot;:&quot;yes&quot;,&quot;highlight_animation_duration&quot;:1200,&quot;highlight_iteration_delay&quot;:8000}\" data-widget_type=\"animated-headline.default\">\n\t\t\t\t<div class=\"elementor-widget-container\">\n\t\t\t\t\t\t\t<h3 class=\"elementor-headline\">\n\t\t\t\t\t<span class=\"elementor-headline-plain-text elementor-headline-text-wrapper\">Wir<\/span>\n\t\t\t\t<span class=\"elementor-headline-dynamic-wrapper elementor-headline-text-wrapper\">\n\t\t\t\t\t<span class=\"elementor-headline-dynamic-text elementor-headline-text-active\">w\u00fcrden uns freuen<\/span>\n\t\t\t\t<\/span>\n\t\t\t\t\t<span class=\"elementor-headline-plain-text elementor-headline-text-wrapper\">, von Ihnen zu h\u00f6ren!<\/span>\n\t\t\t\t\t<\/h3>\n\t\t\t\t\t\t<\/div>\n\t\t\t\t<\/div>\n\t\t\t\t<div class=\"elementor-element elementor-element-5648385 elementor-widget elementor-widget-heading\" data-id=\"5648385\" data-element_type=\"widget\" data-widget_type=\"heading.default\">\n\t\t\t\t<div class=\"elementor-widget-container\">\n\t\t\t\t\t<h2 class=\"elementor-heading-title elementor-size-default\">If you have a question about software, hardware, or Embedded Systems in general, our team is always ready to answer all your questions.\n<\/h2>\t\t\t\t<\/div>\n\t\t\t\t<\/div>\n\t\t\t\t<div class=\"elementor-element elementor-element-8cc2895 elementor-mobile-align-center elementor-align-center elementor-widget elementor-widget-button\" data-id=\"8cc2895\" data-element_type=\"widget\" data-widget_type=\"button.default\">\n\t\t\t\t<div class=\"elementor-widget-container\">\n\t\t\t\t\t\t\t\t\t<div class=\"elementor-button-wrapper\">\n\t\t\t\t\t<a class=\"elementor-button elementor-button-link elementor-size-md\" href=\"\/de\/contact\/\">\n\t\t\t\t\t\t<span class=\"elementor-button-content-wrapper\">\n\t\t\t\t\t\t<span class=\"elementor-button-icon\">\n\t\t\t\t<i aria-hidden=\"true\" class=\"fas fa-arrow-right\"><\/i>\t\t\t<\/span>\n\t\t\t\t\t\t\t\t\t<span class=\"elementor-button-text\">Kontaktieren Sie uns<\/span>\n\t\t\t\t\t<\/span>\n\t\t\t\t\t<\/a>\n\t\t\t\t<\/div>\n\t\t\t\t\t\t\t\t<\/div>\n\t\t\t\t<\/div>\n\t\t\t\t\t<\/div>\n\t\t<\/div>\n\t\t\t\t\t<\/div>\n\t\t<\/section>\n\t\t\t\t<\/div>","protected":false},"excerpt":{"rendered":"<p>SC. DIGITALGATEAMG S.A. Adress: Str. Ardealului, Nr.2, RO \u2013 300645 Timisoara Email: info@digitalgateamg.com Managing Director: Mihai Gruieti Company Headquarters: Timisoara, Romania Company Registration Number: 39051689 VAT Number: RO-39051689 All mentioned product names are either registered or unregistered trademarks of their respective owners. The constant worldwide availability of all products or services is not warranted. Errors&hellip;&nbsp;<a href=\"https:\/\/digitalgateamg.com\/de\/impressum\/\" class=\"\" rel=\"bookmark\">Weiterlesen &raquo;<span class=\"screen-reader-text\">Impressum<\/span><\/a><\/p>","protected":false},"author":12,"featured_media":0,"parent":0,"menu_order":0,"comment_status":"closed","ping_status":"closed","template":"page-templates\/template-pagebuilder-full-width.php","meta":{"_acf_changed":false,"neve_meta_sidebar":"full-width","neve_meta_container":"","neve_meta_enable_content_width":"on","neve_meta_content_width":100,"neve_meta_title_alignment":"","neve_meta_author_avatar":"","neve_post_elements_order":"","neve_meta_disable_header":"","neve_meta_disable_footer":"","neve_meta_disable_title":"","footnotes":""},"coauthors":[],"class_list":["post-3434","page","type-page","status-publish","hentry"],"acf":[],"yoast_head":"<!-- This site is optimized with the Yoast SEO Premium plugin v21.1 (Yoast SEO v26.0) - https:\/\/yoast.com\/wordpress\/plugins\/seo\/ -->\n<title>Impressum - DigitalGate Custom Electronics<\/title>\n<meta name=\"robots\" content=\"noindex, nofollow\" \/>\n<meta property=\"og:locale\" content=\"de_DE\" \/>\n<meta property=\"og:type\" content=\"article\" \/>\n<meta property=\"og:title\" content=\"Impressum\" \/>\n<meta property=\"og:description\" content=\"SC. DIGITALGATEAMG S.A. Adress: Str. Ardealului, Nr.2, RO \u2013 300645 Timisoara Email: info@digitalgateamg.com Managing Director: Mihai Gruieti Company Headquarters: Timisoara, Romania Company Registration Number: 39051689 VAT Number: RO-39051689 All mentioned product names are either registered or unregistered trademarks of their respective owners. The constant worldwide availability of all products or services is not warranted. Errors&hellip;&nbsp;Weiterlesen &raquo;Impressum\" \/>\n<meta property=\"og:url\" content=\"https:\/\/digitalgateamg.com\/de\/impressum\/\" \/>\n<meta property=\"og:site_name\" content=\"DigitalGate Custom Electronics\" \/>\n<meta property=\"article:publisher\" content=\"https:\/\/www.facebook.com\/DigitalGateamg\/\" \/>\n<meta property=\"article:modified_time\" content=\"2023-04-17T13:26:00+00:00\" \/>\n<meta name=\"twitter:card\" content=\"summary_large_image\" \/>\n<meta name=\"twitter:label1\" content=\"Gesch\u00e4tzte Lesezeit\" \/>\n\t<meta name=\"twitter:data1\" content=\"1\u00a0Minute\" \/>\n\t<meta name=\"twitter:label2\" content=\"Written by\" \/>\n\t<meta name=\"twitter:data2\" content=\"Digital Gate\" \/>\n<script type=\"application\/ld+json\" class=\"yoast-schema-graph\">{\"@context\":\"https:\/\/schema.org\",\"@graph\":[{\"@type\":\"WebPage\",\"@id\":\"https:\/\/digitalgateamg.com\/impressum\/\",\"url\":\"https:\/\/digitalgateamg.com\/impressum\/\",\"name\":\"Impressum - DigitalGate Custom Electronics\",\"isPartOf\":{\"@id\":\"https:\/\/digitalgateamg.com\/#website\"},\"datePublished\":\"2021-09-27T10:16:03+00:00\",\"dateModified\":\"2023-04-17T13:26:00+00:00\",\"breadcrumb\":{\"@id\":\"https:\/\/digitalgateamg.com\/impressum\/#breadcrumb\"},\"inLanguage\":\"de\",\"potentialAction\":[{\"@type\":\"ReadAction\",\"target\":[\"https:\/\/digitalgateamg.com\/impressum\/\"]}]},{\"@type\":\"BreadcrumbList\",\"@id\":\"https:\/\/digitalgateamg.com\/impressum\/#breadcrumb\",\"itemListElement\":[{\"@type\":\"ListItem\",\"position\":1,\"name\":\"Home\",\"item\":\"https:\/\/digitalgateamg.com\/\"},{\"@type\":\"ListItem\",\"position\":2,\"name\":\"Impressum\"}]},{\"@type\":\"WebSite\",\"@id\":\"https:\/\/digitalgateamg.com\/#website\",\"url\":\"https:\/\/digitalgateamg.com\/\",\"name\":\"DigitalGate Custom Electronics\",\"description\":\"Embedded Software and Hardware Solutions\",\"publisher\":{\"@id\":\"https:\/\/digitalgateamg.com\/#organization\"},\"potentialAction\":[{\"@type\":\"SearchAction\",\"target\":{\"@type\":\"EntryPoint\",\"urlTemplate\":\"https:\/\/digitalgateamg.com\/?s={search_term_string}\"},\"query-input\":{\"@type\":\"PropertyValueSpecification\",\"valueRequired\":true,\"valueName\":\"search_term_string\"}}],\"inLanguage\":\"de\"},{\"@type\":\"Organization\",\"@id\":\"https:\/\/digitalgateamg.com\/#organization\",\"name\":\"DigitalGate Amg S.A.\",\"url\":\"https:\/\/digitalgateamg.com\/\",\"logo\":{\"@type\":\"ImageObject\",\"inLanguage\":\"de\",\"@id\":\"https:\/\/digitalgateamg.com\/#\/schema\/logo\/image\/\",\"url\":\"https:\/\/digitalgateamg.com\/wp-content\/uploads\/2021\/10\/logo-firma.png\",\"contentUrl\":\"https:\/\/digitalgateamg.com\/wp-content\/uploads\/2021\/10\/logo-firma.png\",\"width\":370,\"height\":370,\"caption\":\"DigitalGate Amg S.A.\"},\"image\":{\"@id\":\"https:\/\/digitalgateamg.com\/#\/schema\/logo\/image\/\"},\"sameAs\":[\"https:\/\/www.facebook.com\/DigitalGateamg\/\",\"https:\/\/www.linkedin.com\/company\/sc-digitalgate-amg-srl\/\"]}]}<\/script>\n<!-- \/ Yoast SEO Premium plugin. -->","yoast_head_json":{"title":"Impressum - DigitalGate Custom Electronics","robots":{"index":"noindex","follow":"nofollow"},"og_locale":"de_DE","og_type":"article","og_title":"Impressum","og_description":"SC. DIGITALGATEAMG S.A. Adress: Str. Ardealului, Nr.2, RO \u2013 300645 Timisoara Email: info@digitalgateamg.com Managing Director: Mihai Gruieti Company Headquarters: Timisoara, Romania Company Registration Number: 39051689 VAT Number: RO-39051689 All mentioned product names are either registered or unregistered trademarks of their respective owners. The constant worldwide availability of all products or services is not warranted. Errors&hellip;&nbsp;Weiterlesen &raquo;Impressum","og_url":"https:\/\/digitalgateamg.com\/de\/impressum\/","og_site_name":"DigitalGate Custom Electronics","article_publisher":"https:\/\/www.facebook.com\/DigitalGateamg\/","article_modified_time":"2023-04-17T13:26:00+00:00","twitter_card":"summary_large_image","twitter_misc":{"Gesch\u00e4tzte Lesezeit":"1\u00a0Minute","Written by":"Digital Gate"},"schema":{"@context":"https:\/\/schema.org","@graph":[{"@type":"WebPage","@id":"https:\/\/digitalgateamg.com\/impressum\/","url":"https:\/\/digitalgateamg.com\/impressum\/","name":"Impressum - DigitalGate Custom Electronics","isPartOf":{"@id":"https:\/\/digitalgateamg.com\/#website"},"datePublished":"2021-09-27T10:16:03+00:00","dateModified":"2023-04-17T13:26:00+00:00","breadcrumb":{"@id":"https:\/\/digitalgateamg.com\/impressum\/#breadcrumb"},"inLanguage":"de","potentialAction":[{"@type":"ReadAction","target":["https:\/\/digitalgateamg.com\/impressum\/"]}]},{"@type":"BreadcrumbList","@id":"https:\/\/digitalgateamg.com\/impressum\/#breadcrumb","itemListElement":[{"@type":"ListItem","position":1,"name":"Home","item":"https:\/\/digitalgateamg.com\/"},{"@type":"ListItem","position":2,"name":"Impressum"}]},{"@type":"WebSite","@id":"https:\/\/digitalgateamg.com\/#website","url":"https:\/\/digitalgateamg.com\/","name":"DigitalGate Custom Electronics","description":"Embedded Software and Hardware Solutions","publisher":{"@id":"https:\/\/digitalgateamg.com\/#organization"},"potentialAction":[{"@type":"SearchAction","target":{"@type":"EntryPoint","urlTemplate":"https:\/\/digitalgateamg.com\/?s={search_term_string}"},"query-input":{"@type":"PropertyValueSpecification","valueRequired":true,"valueName":"search_term_string"}}],"inLanguage":"de"},{"@type":"Organization","@id":"https:\/\/digitalgateamg.com\/#organization","name":"DigitalGate Amg S.A.","url":"https:\/\/digitalgateamg.com\/","logo":{"@type":"ImageObject","inLanguage":"de","@id":"https:\/\/digitalgateamg.com\/#\/schema\/logo\/image\/","url":"https:\/\/digitalgateamg.com\/wp-content\/uploads\/2021\/10\/logo-firma.png","contentUrl":"https:\/\/digitalgateamg.com\/wp-content\/uploads\/2021\/10\/logo-firma.png","width":370,"height":370,"caption":"DigitalGate Amg S.A."},"image":{"@id":"https:\/\/digitalgateamg.com\/#\/schema\/logo\/image\/"},"sameAs":["https:\/\/www.facebook.com\/DigitalGateamg\/","https:\/\/www.linkedin.com\/company\/sc-digitalgate-amg-srl\/"]}]}},"jetpack_sharing_enabled":true,"_links":{"self":[{"href":"https:\/\/digitalgateamg.com\/de\/wp-json\/wp\/v2\/pages\/3434","targetHints":{"allow":["GET"]}}],"collection":[{"href":"https:\/\/digitalgateamg.com\/de\/wp-json\/wp\/v2\/pages"}],"about":[{"href":"https:\/\/digitalgateamg.com\/de\/wp-json\/wp\/v2\/types\/page"}],"author":[{"embeddable":true,"href":"https:\/\/digitalgateamg.com\/de\/wp-json\/wp\/v2\/users\/12"}],"replies":[{"embeddable":true,"href":"https:\/\/digitalgateamg.com\/de\/wp-json\/wp\/v2\/comments?post=3434"}],"version-history":[{"count":0,"href":"https:\/\/digitalgateamg.com\/de\/wp-json\/wp\/v2\/pages\/3434\/revisions"}],"wp:attachment":[{"href":"https:\/\/digitalgateamg.com\/de\/wp-json\/wp\/v2\/media?parent=3434"}],"wp:term":[{"taxonomy":"author","embeddable":true,"href":"https:\/\/digitalgateamg.com\/de\/wp-json\/wp\/v2\/coauthors?post=3434"}],"curies":[{"name":"wp","href":"https:\/\/api.w.org\/{rel}","templated":true}]}}