{"id":10762,"date":"2022-10-18T08:32:37","date_gmt":"2022-10-18T08:32:37","guid":{"rendered":"https:\/\/digitalgateamg.com\/?page_id=10762"},"modified":"2022-10-27T09:18:53","modified_gmt":"2022-10-27T09:18:53","slug":"system-administrator","status":"publish","type":"page","link":"https:\/\/digitalgateamg.com\/de\/careers\/system-administrator\/","title":{"rendered":"System administrator"},"content":{"rendered":"<div data-elementor-type=\"wp-page\" data-elementor-id=\"10762\" class=\"elementor elementor-10762\" data-elementor-post-type=\"page\">\n\t\t\t\t\t\t<section class=\"elementor-section elementor-top-section elementor-element elementor-element-cb7030e elementor-section-boxed elementor-section-height-default elementor-section-height-default\" data-id=\"cb7030e\" data-element_type=\"section\" data-settings=\"{&quot;background_background&quot;:&quot;classic&quot;}\">\n\t\t\t\t\t\t<div class=\"elementor-container elementor-column-gap-default\">\n\t\t\t\t\t<div class=\"elementor-column elementor-col-100 elementor-top-column elementor-element elementor-element-09b36e8\" data-id=\"09b36e8\" data-element_type=\"column\">\n\t\t\t<div class=\"elementor-widget-wrap elementor-element-populated\">\n\t\t\t\t\t\t<div class=\"elementor-element elementor-element-1f2589b elementor-widget elementor-widget-spacer\" data-id=\"1f2589b\" data-element_type=\"widget\" data-widget_type=\"spacer.default\">\n\t\t\t\t<div class=\"elementor-widget-container\">\n\t\t\t\t\t\t\t<div class=\"elementor-spacer\">\n\t\t\t<div class=\"elementor-spacer-inner\"><\/div>\n\t\t<\/div>\n\t\t\t\t\t\t<\/div>\n\t\t\t\t<\/div>\n\t\t\t\t<div class=\"elementor-element elementor-element-cf271fb animated-slow elementor-widget elementor-widget-heading\" data-id=\"cf271fb\" data-element_type=\"widget\" data-settings=\"{&quot;_animation&quot;:&quot;none&quot;}\" data-widget_type=\"heading.default\">\n\t\t\t\t<div class=\"elementor-widget-container\">\n\t\t\t\t\t<h2 class=\"elementor-heading-title elementor-size-default\"><b>Systemadministrator<\/b><\/h2>\t\t\t\t<\/div>\n\t\t\t\t<\/div>\n\t\t\t\t<div class=\"elementor-element elementor-element-ee4145c elementor-widget elementor-widget-spacer\" data-id=\"ee4145c\" data-element_type=\"widget\" data-widget_type=\"spacer.default\">\n\t\t\t\t<div class=\"elementor-widget-container\">\n\t\t\t\t\t\t\t<div class=\"elementor-spacer\">\n\t\t\t<div class=\"elementor-spacer-inner\"><\/div>\n\t\t<\/div>\n\t\t\t\t\t\t<\/div>\n\t\t\t\t<\/div>\n\t\t\t\t<div class=\"elementor-element elementor-element-443969b elementor-widget elementor-widget-text-editor\" data-id=\"443969b\" data-element_type=\"widget\" data-widget_type=\"text-editor.default\">\n\t\t\t\t<div class=\"elementor-widget-container\">\n\t\t\t\t\t\t\t\t\t<p>DigitalGate bietet eine einmalige Gelegenheit, als Systemadministrator in einem schnell wachsenden internationalen Unternehmen zu arbeiten. Wir sind auf Software- und Hardwarel\u00f6sungen f\u00fcr eingebettete Systeme spezialisiert und haben Kunden in der ganzen Welt.<\/p>\t\t\t\t\t\t\t\t<\/div>\n\t\t\t\t<\/div>\n\t\t\t\t<div class=\"elementor-element elementor-element-859eeb9 elementor-widget elementor-widget-heading\" data-id=\"859eeb9\" data-element_type=\"widget\" data-widget_type=\"heading.default\">\n\t\t\t\t<div class=\"elementor-widget-container\">\n\t\t\t\t\t<h2 class=\"elementor-heading-title elementor-size-default\">Ihre Aufgaben:<\/h2>\t\t\t\t<\/div>\n\t\t\t\t<\/div>\n\t\t\t\t<div class=\"elementor-element elementor-element-f09a391 elementor-widget elementor-widget-text-editor\" data-id=\"f09a391\" data-element_type=\"widget\" data-widget_type=\"text-editor.default\">\n\t\t\t\t<div class=\"elementor-widget-container\">\n\t\t\t\t\t\t\t\t\t<ul>\n<li>Verwaltung und Unterst\u00fctzung von Anwendungen, Gew\u00e4hrleistung der Betriebsstabilit\u00e4t und Effizienz zahlreicher Anwendungen<\/li>\n<li>Unterst\u00fctzung der IT-L\u00f6sungen durch Anwendung spezifischer Kenntnisse von Systemen und Werkzeugen sowie von Probleml\u00f6sungsf\u00e4higkeiten<\/li>\n<li>Implementierung und \u00dcberwachung der Systemleistung anhand festgelegter Standards und ggf. L\u00f6sung oder Eskalation von Problemen zur Behebung<\/li>\n<li>Verwaltung von \u00c4nderungsanfragen, Verbesserung von Effizienz, Funktionalit\u00e4t und Zuverl\u00e4ssigkeit zusammen mit der Erstellung von Installationsanleitungen, Durchf\u00fchrung informeller Tests im Labor<\/li>\n<li>Unterst\u00fctzung des Unternehmens und Durchf\u00fchrung technischer Besprechungen mit Lieferanten<\/li>\n<li>Beteiligung an der Durchf\u00fchrung und Dokumentation von Systemtests und Sicherstellung, dass die Testaktivit\u00e4ten gem\u00e4\u00df dem Validierungs- und Testplan durchgef\u00fchrt werden<\/li>\n<\/ul>\t\t\t\t\t\t\t\t<\/div>\n\t\t\t\t<\/div>\n\t\t\t\t<div class=\"elementor-element elementor-element-dfd64ab elementor-widget elementor-widget-heading\" data-id=\"dfd64ab\" data-element_type=\"widget\" data-widget_type=\"heading.default\">\n\t\t\t\t<div class=\"elementor-widget-container\">\n\t\t\t\t\t<h2 class=\"elementor-heading-title elementor-size-default\">Ihr Profil:<\/h2>\t\t\t\t<\/div>\n\t\t\t\t<\/div>\n\t\t\t\t<div class=\"elementor-element elementor-element-c1f65bf elementor-widget elementor-widget-text-editor\" data-id=\"c1f65bf\" data-element_type=\"widget\" data-widget_type=\"text-editor.default\">\n\t\t\t\t<div class=\"elementor-widget-container\">\n\t\t\t\t\t\t\t\t\t<ul>\n<li>Mindestens 1 Jahr Berufserfahrung in einer \u00e4hnlichen Position<\/li>\n<li>Kenntnisse \u00fcber Microsoft Active Directory und Microsoft Azure AD<\/li>\n<li>Erfahrung mit Linux  und Windows-Servern<\/li>\n<li>Netzwerke: Teilnetze, Routing, Zugangskontrolllisten, Firewalls und Analyse des Netzverkehrs sind von Vorteil<\/li>\n<li>Sie haben ein solides Verst\u00e4ndnis von Tools wie Docker, OpenVPN<\/li>\n<li>Erfahrung mit: PowerShell, Python, Perl und Bash, ist ein Plus<\/li>\n<li>Abgeschlossenes Bachelor-Studium der Informatik oder einer \u00e4hnlichen Disziplin oder vergleichbare Ausbildung<\/li>\n<li>Sprachkenntnisse: Englisch - flie\u00dfend in Wort und Schrift<\/li>\n<\/ul>\t\t\t\t\t\t\t\t<\/div>\n\t\t\t\t<\/div>\n\t\t\t\t<div class=\"elementor-element elementor-element-7b5d38a elementor-widget elementor-widget-heading\" data-id=\"7b5d38a\" data-element_type=\"widget\" data-widget_type=\"heading.default\">\n\t\t\t\t<div class=\"elementor-widget-container\">\n\t\t\t\t\t<h2 class=\"elementor-heading-title elementor-size-default\">UNSER ANGEBOT:<\/h2>\t\t\t\t<\/div>\n\t\t\t\t<\/div>\n\t\t\t\t<div class=\"elementor-element elementor-element-1945fe6 elementor-widget elementor-widget-text-editor\" data-id=\"1945fe6\" data-element_type=\"widget\" data-widget_type=\"text-editor.default\">\n\t\t\t\t<div class=\"elementor-widget-container\">\n\t\t\t\t\t\t\t\t\t<ul>\n<li>Flexible Arbeitszeiten;<\/li>\n<li>Die M\u00f6glichkeit, mit Spitzentechnologien zu arbeiten;<\/li>\n<li>Interessante Aufgaben;<\/li>\n<li>Attraktive Arbeitsbedingungen.<\/li>\n<\/ul>\t\t\t\t\t\t\t\t<\/div>\n\t\t\t\t<\/div>\n\t\t\t\t<div class=\"elementor-element elementor-element-5af2a17 elementor-widget elementor-widget-spacer\" data-id=\"5af2a17\" data-element_type=\"widget\" data-widget_type=\"spacer.default\">\n\t\t\t\t<div class=\"elementor-widget-container\">\n\t\t\t\t\t\t\t<div class=\"elementor-spacer\">\n\t\t\t<div class=\"elementor-spacer-inner\"><\/div>\n\t\t<\/div>\n\t\t\t\t\t\t<\/div>\n\t\t\t\t<\/div>\n\t\t\t\t<div class=\"elementor-element elementor-element-0a04845 elementor-widget elementor-widget-heading\" data-id=\"0a04845\" data-element_type=\"widget\" data-widget_type=\"heading.default\">\n\t\t\t\t<div class=\"elementor-widget-container\">\n\t\t\t\t\t<h2 class=\"elementor-heading-title elementor-size-default\">H\u00f6rt sich interessant an?<\/h2>\t\t\t\t<\/div>\n\t\t\t\t<\/div>\n\t\t\t\t<section class=\"elementor-section elementor-inner-section elementor-element elementor-element-509afca elementor-section-boxed elementor-section-height-default elementor-section-height-default\" data-id=\"509afca\" data-element_type=\"section\">\n\t\t\t\t\t\t<div class=\"elementor-container elementor-column-gap-default\">\n\t\t\t\t\t<div class=\"elementor-column elementor-col-33 elementor-inner-column elementor-element elementor-element-c67de58\" data-id=\"c67de58\" data-element_type=\"column\">\n\t\t\t<div class=\"elementor-widget-wrap elementor-element-populated\">\n\t\t\t\t\t\t<div class=\"elementor-element elementor-element-16ec693 elementor-widget elementor-widget-text-editor\" data-id=\"16ec693\" data-element_type=\"widget\" data-widget_type=\"text-editor.default\">\n\t\t\t\t<div class=\"elementor-widget-container\">\n\t\t\t\t\t\t\t\t\t<p>Senden Sie uns Ihren Lebenslauf an:<\/p>\t\t\t\t\t\t\t\t<\/div>\n\t\t\t\t<\/div>\n\t\t\t\t\t<\/div>\n\t\t<\/div>\n\t\t\t\t<div class=\"elementor-column elementor-col-33 elementor-inner-column elementor-element elementor-element-a8023fe\" data-id=\"a8023fe\" data-element_type=\"column\">\n\t\t\t<div class=\"elementor-widget-wrap elementor-element-populated\">\n\t\t\t\t\t\t<div class=\"elementor-element elementor-element-acdc26a elementor-hidden-mobile elementor-view-default elementor-widget elementor-widget-icon\" data-id=\"acdc26a\" data-element_type=\"widget\" data-widget_type=\"icon.default\">\n\t\t\t\t<div class=\"elementor-widget-container\">\n\t\t\t\t\t\t\t<div class=\"elementor-icon-wrapper\">\n\t\t\t<div class=\"elementor-icon\">\n\t\t\t<i aria-hidden=\"true\" class=\"icon icon-email1\"><\/i>\t\t\t<\/div>\n\t\t<\/div>\n\t\t\t\t\t\t<\/div>\n\t\t\t\t<\/div>\n\t\t\t\t\t<\/div>\n\t\t<\/div>\n\t\t\t\t<div class=\"elementor-column elementor-col-33 elementor-inner-column elementor-element elementor-element-fb315a7\" data-id=\"fb315a7\" data-element_type=\"column\">\n\t\t\t<div class=\"elementor-widget-wrap elementor-element-populated\">\n\t\t\t\t\t\t<div class=\"elementor-element elementor-element-fc87216 elementor-widget elementor-widget-text-editor\" data-id=\"fc87216\" data-element_type=\"widget\" data-widget_type=\"text-editor.default\">\n\t\t\t\t<div class=\"elementor-widget-container\">\n\t\t\t\t\t\t\t\t\t<p><a href=\"mailto:info@digitalgateamg.com\">info@digitalgateamg.com<\/a><\/p>\t\t\t\t\t\t\t\t<\/div>\n\t\t\t\t<\/div>\n\t\t\t\t\t<\/div>\n\t\t<\/div>\n\t\t\t\t\t<\/div>\n\t\t<\/section>\n\t\t\t\t\t<\/div>\n\t\t<\/div>\n\t\t\t\t\t<\/div>\n\t\t<\/section>\n\t\t\t\t<section class=\"elementor-section elementor-top-section elementor-element elementor-element-7f9e8af elementor-section-boxed elementor-section-height-default elementor-section-height-default\" data-id=\"7f9e8af\" data-element_type=\"section\" data-settings=\"{&quot;background_background&quot;:&quot;gradient&quot;,&quot;shape_divider_top&quot;:&quot;waves&quot;}\">\n\t\t\t\t\t\t\t<div class=\"elementor-background-overlay\"><\/div>\n\t\t\t\t\t\t<div class=\"elementor-shape elementor-shape-top\" aria-hidden=\"true\" data-negative=\"false\">\n\t\t\t<svg xmlns=\"http:\/\/www.w3.org\/2000\/svg\" viewbox=\"0 0 1000 100\" preserveaspectratio=\"none\">\n\t<path class=\"elementor-shape-fill\" d=\"M421.9,6.5c22.6-2.5,51.5,0.4,75.5,5.3c23.6,4.9,70.9,23.5,100.5,35.7c75.8,32.2,133.7,44.5,192.6,49.7\tc23.6,2.1,48.7,3.5,103.4-2.5c54.7-6,106.2-25.6,106.2-25.6V0H0v30.3c0,0,72,32.6,158.4,30.5c39.2-0.7,92.8-6.7,134-22.4\tc21.2-8.1,52.2-18.2,79.7-24.2C399.3,7.9,411.6,7.5,421.9,6.5z\"\/>\n<\/svg>\t\t<\/div>\n\t\t\t\t\t<div class=\"elementor-container elementor-column-gap-default\">\n\t\t\t\t\t<div class=\"elementor-column elementor-col-100 elementor-top-column elementor-element elementor-element-33ac6c1\" data-id=\"33ac6c1\" data-element_type=\"column\">\n\t\t\t<div class=\"elementor-widget-wrap elementor-element-populated\">\n\t\t\t\t\t\t<div class=\"elementor-element elementor-element-bf0a565 elementor-headline--style-highlight elementor-widget elementor-widget-animated-headline\" data-id=\"bf0a565\" data-element_type=\"widget\" data-settings=\"{&quot;marker&quot;:&quot;curly&quot;,&quot;highlighted_text&quot;:&quot;love&quot;,&quot;headline_style&quot;:&quot;highlight&quot;,&quot;loop&quot;:&quot;yes&quot;,&quot;highlight_animation_duration&quot;:1200,&quot;highlight_iteration_delay&quot;:8000}\" data-widget_type=\"animated-headline.default\">\n\t\t\t\t<div class=\"elementor-widget-container\">\n\t\t\t\t\t\t\t<h3 class=\"elementor-headline\">\n\t\t\t\t\t<span class=\"elementor-headline-plain-text elementor-headline-text-wrapper\">Wir<\/span>\n\t\t\t\t<span class=\"elementor-headline-dynamic-wrapper elementor-headline-text-wrapper\">\n\t\t\t\t\t<span class=\"elementor-headline-dynamic-text elementor-headline-text-active\">w\u00fcrden uns freuen<\/span>\n\t\t\t\t<\/span>\n\t\t\t\t\t<span class=\"elementor-headline-plain-text elementor-headline-text-wrapper\">, von Ihnen zu h\u00f6ren!<\/span>\n\t\t\t\t\t<\/h3>\n\t\t\t\t\t\t<\/div>\n\t\t\t\t<\/div>\n\t\t\t\t<div class=\"elementor-element elementor-element-5a090d5 elementor-widget elementor-widget-heading\" data-id=\"5a090d5\" data-element_type=\"widget\" data-widget_type=\"heading.default\">\n\t\t\t\t<div class=\"elementor-widget-container\">\n\t\t\t\t\t<h2 class=\"elementor-heading-title elementor-size-default\">Wenn Sie Fragen zu Software, Hardware oder eingebetteten Systemen im Allgemeinen haben, ist unser Team immer f\u00fcr Sie da\n<\/h2>\t\t\t\t<\/div>\n\t\t\t\t<\/div>\n\t\t\t\t<div class=\"elementor-element elementor-element-b70c2a5 elementor-mobile-align-center elementor-align-center elementor-widget elementor-widget-button\" data-id=\"b70c2a5\" data-element_type=\"widget\" data-widget_type=\"button.default\">\n\t\t\t\t<div class=\"elementor-widget-container\">\n\t\t\t\t\t\t\t\t\t<div class=\"elementor-button-wrapper\">\n\t\t\t\t\t<a class=\"elementor-button elementor-button-link elementor-size-md\" href=\"\/de\/contact\/\">\n\t\t\t\t\t\t<span class=\"elementor-button-content-wrapper\">\n\t\t\t\t\t\t<span class=\"elementor-button-icon\">\n\t\t\t\t<i aria-hidden=\"true\" class=\"fas fa-arrow-right\"><\/i>\t\t\t<\/span>\n\t\t\t\t\t\t\t\t\t<span class=\"elementor-button-text\">Kontaktieren Sie uns<\/span>\n\t\t\t\t\t<\/span>\n\t\t\t\t\t<\/a>\n\t\t\t\t<\/div>\n\t\t\t\t\t\t\t\t<\/div>\n\t\t\t\t<\/div>\n\t\t\t\t\t<\/div>\n\t\t<\/div>\n\t\t\t\t\t<\/div>\n\t\t<\/section>\n\t\t\t\t<\/div>","protected":false},"excerpt":{"rendered":"<p>System Administrator DigitalGate presents a unique opportunity to work as System Administrator in a fast-growing international company. We are specialized in embedded systems software and hardware solutions, with clients all over the world. Your tasks: Providing application management and support, ensuring operational stability and effectiveness of numerous applications Assisting the IT solutions by applying specific&hellip;&nbsp;<a href=\"https:\/\/digitalgateamg.com\/de\/careers\/system-administrator\/\" class=\"\" rel=\"bookmark\">Weiterlesen &raquo;<span class=\"screen-reader-text\">System administrator<\/span><\/a><\/p>","protected":false},"author":12,"featured_media":0,"parent":2201,"menu_order":0,"comment_status":"closed","ping_status":"closed","template":"page-templates\/template-pagebuilder-full-width.php","meta":{"_acf_changed":false,"neve_meta_sidebar":"full-width","neve_meta_container":"","neve_meta_enable_content_width":"on","neve_meta_content_width":100,"neve_meta_title_alignment":"","neve_meta_author_avatar":"","neve_post_elements_order":"","neve_meta_disable_header":"","neve_meta_disable_footer":"","neve_meta_disable_title":"","footnotes":""},"coauthors":[],"class_list":["post-10762","page","type-page","status-publish","hentry"],"acf":[],"yoast_head":"<!-- This site is optimized with the Yoast SEO Premium plugin v21.1 (Yoast SEO v26.0) - https:\/\/yoast.com\/wordpress\/plugins\/seo\/ -->\n<title>System administrator - DigitalGate Custom Electronics<\/title>\n<meta name=\"description\" content=\"DigitalGate presents an opportunity to work as a System administrator in a fast growing company, specialized in embedded systems.\" \/>\n<meta name=\"robots\" content=\"noindex, nofollow\" \/>\n<meta property=\"og:locale\" content=\"de_DE\" \/>\n<meta property=\"og:type\" content=\"article\" \/>\n<meta property=\"og:title\" content=\"System administrator\" \/>\n<meta property=\"og:description\" content=\"DigitalGate presents an opportunity to work as a System administrator in a fast growing company, specialized in embedded systems.\" \/>\n<meta property=\"og:url\" content=\"https:\/\/digitalgateamg.com\/de\/careers\/system-administrator\/\" \/>\n<meta property=\"og:site_name\" content=\"DigitalGate Custom Electronics\" \/>\n<meta property=\"article:publisher\" content=\"https:\/\/www.facebook.com\/DigitalGateamg\/\" \/>\n<meta property=\"article:modified_time\" content=\"2022-10-27T09:18:53+00:00\" \/>\n<meta name=\"twitter:card\" content=\"summary_large_image\" \/>\n<meta name=\"twitter:label1\" content=\"Gesch\u00e4tzte Lesezeit\" \/>\n\t<meta name=\"twitter:data1\" content=\"2\u00a0Minuten\" \/>\n\t<meta name=\"twitter:label2\" content=\"Written by\" \/>\n\t<meta name=\"twitter:data2\" content=\"Digital Gate\" \/>\n<script type=\"application\/ld+json\" class=\"yoast-schema-graph\">{\"@context\":\"https:\/\/schema.org\",\"@graph\":[{\"@type\":\"WebPage\",\"@id\":\"https:\/\/digitalgateamg.com\/careers\/system-administrator\/\",\"url\":\"https:\/\/digitalgateamg.com\/careers\/system-administrator\/\",\"name\":\"System administrator - DigitalGate Custom Electronics\",\"isPartOf\":{\"@id\":\"https:\/\/digitalgateamg.com\/#website\"},\"datePublished\":\"2022-10-18T08:32:37+00:00\",\"dateModified\":\"2022-10-27T09:18:53+00:00\",\"description\":\"DigitalGate presents an opportunity to work as a System administrator in a fast growing company, specialized in embedded systems.\",\"breadcrumb\":{\"@id\":\"https:\/\/digitalgateamg.com\/careers\/system-administrator\/#breadcrumb\"},\"inLanguage\":\"de\",\"potentialAction\":[{\"@type\":\"ReadAction\",\"target\":[\"https:\/\/digitalgateamg.com\/careers\/system-administrator\/\"]}]},{\"@type\":\"BreadcrumbList\",\"@id\":\"https:\/\/digitalgateamg.com\/careers\/system-administrator\/#breadcrumb\",\"itemListElement\":[{\"@type\":\"ListItem\",\"position\":1,\"name\":\"Home\",\"item\":\"https:\/\/digitalgateamg.com\/\"},{\"@type\":\"ListItem\",\"position\":2,\"name\":\"Careers\",\"item\":\"https:\/\/digitalgateamg.com\/careers\/\"},{\"@type\":\"ListItem\",\"position\":3,\"name\":\"System administrator\"}]},{\"@type\":\"WebSite\",\"@id\":\"https:\/\/digitalgateamg.com\/#website\",\"url\":\"https:\/\/digitalgateamg.com\/\",\"name\":\"DigitalGate Custom Electronics\",\"description\":\"Embedded Software and Hardware Solutions\",\"publisher\":{\"@id\":\"https:\/\/digitalgateamg.com\/#organization\"},\"potentialAction\":[{\"@type\":\"SearchAction\",\"target\":{\"@type\":\"EntryPoint\",\"urlTemplate\":\"https:\/\/digitalgateamg.com\/?s={search_term_string}\"},\"query-input\":{\"@type\":\"PropertyValueSpecification\",\"valueRequired\":true,\"valueName\":\"search_term_string\"}}],\"inLanguage\":\"de\"},{\"@type\":\"Organization\",\"@id\":\"https:\/\/digitalgateamg.com\/#organization\",\"name\":\"DigitalGate Amg S.A.\",\"url\":\"https:\/\/digitalgateamg.com\/\",\"logo\":{\"@type\":\"ImageObject\",\"inLanguage\":\"de\",\"@id\":\"https:\/\/digitalgateamg.com\/#\/schema\/logo\/image\/\",\"url\":\"https:\/\/digitalgateamg.com\/wp-content\/uploads\/2021\/10\/logo-firma.png\",\"contentUrl\":\"https:\/\/digitalgateamg.com\/wp-content\/uploads\/2021\/10\/logo-firma.png\",\"width\":370,\"height\":370,\"caption\":\"DigitalGate Amg S.A.\"},\"image\":{\"@id\":\"https:\/\/digitalgateamg.com\/#\/schema\/logo\/image\/\"},\"sameAs\":[\"https:\/\/www.facebook.com\/DigitalGateamg\/\",\"https:\/\/www.linkedin.com\/company\/sc-digitalgate-amg-srl\/\"]}]}<\/script>\n<!-- \/ Yoast SEO Premium plugin. -->","yoast_head_json":{"title":"System administrator - DigitalGate Custom Electronics","description":"DigitalGate presents an opportunity to work as a System administrator in a fast growing company, specialized in embedded systems.","robots":{"index":"noindex","follow":"nofollow"},"og_locale":"de_DE","og_type":"article","og_title":"System administrator","og_description":"DigitalGate presents an opportunity to work as a System administrator in a fast growing company, specialized in embedded systems.","og_url":"https:\/\/digitalgateamg.com\/de\/careers\/system-administrator\/","og_site_name":"DigitalGate Custom Electronics","article_publisher":"https:\/\/www.facebook.com\/DigitalGateamg\/","article_modified_time":"2022-10-27T09:18:53+00:00","twitter_card":"summary_large_image","twitter_misc":{"Gesch\u00e4tzte Lesezeit":"2\u00a0Minuten","Written by":"Digital Gate"},"schema":{"@context":"https:\/\/schema.org","@graph":[{"@type":"WebPage","@id":"https:\/\/digitalgateamg.com\/careers\/system-administrator\/","url":"https:\/\/digitalgateamg.com\/careers\/system-administrator\/","name":"System administrator - DigitalGate Custom Electronics","isPartOf":{"@id":"https:\/\/digitalgateamg.com\/#website"},"datePublished":"2022-10-18T08:32:37+00:00","dateModified":"2022-10-27T09:18:53+00:00","description":"DigitalGate presents an opportunity to work as a System administrator in a fast growing company, specialized in embedded systems.","breadcrumb":{"@id":"https:\/\/digitalgateamg.com\/careers\/system-administrator\/#breadcrumb"},"inLanguage":"de","potentialAction":[{"@type":"ReadAction","target":["https:\/\/digitalgateamg.com\/careers\/system-administrator\/"]}]},{"@type":"BreadcrumbList","@id":"https:\/\/digitalgateamg.com\/careers\/system-administrator\/#breadcrumb","itemListElement":[{"@type":"ListItem","position":1,"name":"Home","item":"https:\/\/digitalgateamg.com\/"},{"@type":"ListItem","position":2,"name":"Careers","item":"https:\/\/digitalgateamg.com\/careers\/"},{"@type":"ListItem","position":3,"name":"System administrator"}]},{"@type":"WebSite","@id":"https:\/\/digitalgateamg.com\/#website","url":"https:\/\/digitalgateamg.com\/","name":"DigitalGate Custom Electronics","description":"Embedded Software and Hardware Solutions","publisher":{"@id":"https:\/\/digitalgateamg.com\/#organization"},"potentialAction":[{"@type":"SearchAction","target":{"@type":"EntryPoint","urlTemplate":"https:\/\/digitalgateamg.com\/?s={search_term_string}"},"query-input":{"@type":"PropertyValueSpecification","valueRequired":true,"valueName":"search_term_string"}}],"inLanguage":"de"},{"@type":"Organization","@id":"https:\/\/digitalgateamg.com\/#organization","name":"DigitalGate Amg S.A.","url":"https:\/\/digitalgateamg.com\/","logo":{"@type":"ImageObject","inLanguage":"de","@id":"https:\/\/digitalgateamg.com\/#\/schema\/logo\/image\/","url":"https:\/\/digitalgateamg.com\/wp-content\/uploads\/2021\/10\/logo-firma.png","contentUrl":"https:\/\/digitalgateamg.com\/wp-content\/uploads\/2021\/10\/logo-firma.png","width":370,"height":370,"caption":"DigitalGate Amg S.A."},"image":{"@id":"https:\/\/digitalgateamg.com\/#\/schema\/logo\/image\/"},"sameAs":["https:\/\/www.facebook.com\/DigitalGateamg\/","https:\/\/www.linkedin.com\/company\/sc-digitalgate-amg-srl\/"]}]}},"jetpack_sharing_enabled":true,"_links":{"self":[{"href":"https:\/\/digitalgateamg.com\/de\/wp-json\/wp\/v2\/pages\/10762","targetHints":{"allow":["GET"]}}],"collection":[{"href":"https:\/\/digitalgateamg.com\/de\/wp-json\/wp\/v2\/pages"}],"about":[{"href":"https:\/\/digitalgateamg.com\/de\/wp-json\/wp\/v2\/types\/page"}],"author":[{"embeddable":true,"href":"https:\/\/digitalgateamg.com\/de\/wp-json\/wp\/v2\/users\/12"}],"replies":[{"embeddable":true,"href":"https:\/\/digitalgateamg.com\/de\/wp-json\/wp\/v2\/comments?post=10762"}],"version-history":[{"count":0,"href":"https:\/\/digitalgateamg.com\/de\/wp-json\/wp\/v2\/pages\/10762\/revisions"}],"up":[{"embeddable":true,"href":"https:\/\/digitalgateamg.com\/de\/wp-json\/wp\/v2\/pages\/2201"}],"wp:attachment":[{"href":"https:\/\/digitalgateamg.com\/de\/wp-json\/wp\/v2\/media?parent=10762"}],"wp:term":[{"taxonomy":"author","embeddable":true,"href":"https:\/\/digitalgateamg.com\/de\/wp-json\/wp\/v2\/coauthors?post=10762"}],"curies":[{"name":"wp","href":"https:\/\/api.w.org\/{rel}","templated":true}]}}